{"id":916,"date":"2021-09-01T05:58:44","date_gmt":"2021-09-01T05:58:44","guid":{"rendered":"https:\/\/dev.aeroclubalicante.com\/?page_id=916"},"modified":"2021-12-10T10:43:29","modified_gmt":"2021-12-10T09:43:29","slug":"informacion","status":"publish","type":"page","link":"https:\/\/www.aeroclubalicante.com\/es\/informacion\/","title":{"rendered":"Informaci\u00f3n"},"content":{"rendered":"\t\t<div data-elementor-type=\"wp-page\" data-elementor-id=\"916\" class=\"elementor elementor-916\" data-elementor-post-type=\"page\">\n\t\t\t\t\t\t<section class=\"elementor-section elementor-top-section elementor-element elementor-element-6db234e animated-fast elementor-section-boxed elementor-section-height-default elementor-section-height-default elementor-invisible\" data-id=\"6db234e\" data-element_type=\"section\" data-e-type=\"section\" data-settings=\"{&quot;animation&quot;:&quot;fadeInUp&quot;}\">\n\t\t\t\t\t\t<div class=\"elementor-container elementor-column-gap-default\">\n\t\t\t\t\t<div class=\"elementor-column elementor-col-100 elementor-top-column elementor-element elementor-element-c0dfb69\" data-id=\"c0dfb69\" data-element_type=\"column\" data-e-type=\"column\">\n\t\t\t<div class=\"elementor-widget-wrap elementor-element-populated\">\n\t\t\t\t\t\t<div class=\"elementor-element elementor-element-c7e114d elementor-align-center elementor-widget elementor-widget-breadcrumbs\" data-id=\"c7e114d\" data-element_type=\"widget\" data-e-type=\"widget\" data-widget_type=\"breadcrumbs.default\">\n\t\t\t\t<div class=\"elementor-widget-container\">\n\t\t\t\t\t<p id=\"breadcrumbs\"><span><span><a href=\"https:\/\/www.aeroclubalicante.com\/es\/\">Home<\/a><\/span><\/span><\/p>\t\t\t\t<\/div>\n\t\t\t\t<\/div>\n\t\t\t\t<div class=\"elementor-element elementor-element-260f384 elementor-widget elementor-widget-heading\" data-id=\"260f384\" data-element_type=\"widget\" data-e-type=\"widget\" data-widget_type=\"heading.default\">\n\t\t\t\t<div class=\"elementor-widget-container\">\n\t\t\t\t\t<h1 class=\"elementor-heading-title elementor-size-default\">Informaci\u00f3n<\/h1>\t\t\t\t<\/div>\n\t\t\t\t<\/div>\n\t\t\t\t<div class=\"elementor-element elementor-element-abd9789 elementor-widget elementor-widget-text-editor\" data-id=\"abd9789\" data-element_type=\"widget\" data-e-type=\"widget\" data-widget_type=\"text-editor.default\">\n\t\t\t\t<div class=\"elementor-widget-container\">\n\t\t\t\t\t\t\t\t\t<p>\u00bfQuieres saber que es la Aviaci\u00f3n General? \u00bfEst\u00e1s interesado en el mundo de los ultraligeros? Aqu\u00ed tienes toda la informaci\u00f3n, adem\u00e1s te mostraremos la flota actual del Real Aeroclub de Alicante y lo m\u00e1s importante, nuestra historia, como hemos llegado hasta aqu\u00ed.<\/p>\t\t\t\t\t\t\t\t<\/div>\n\t\t\t\t<\/div>\n\t\t\t\t\t<\/div>\n\t\t<\/div>\n\t\t\t\t\t<\/div>\n\t\t<\/section>\n\t\t\t\t<section class=\"elementor-section elementor-top-section elementor-element elementor-element-821e9f8 animated-fast elementor-section-boxed elementor-section-height-default elementor-section-height-default elementor-invisible\" data-id=\"821e9f8\" data-element_type=\"section\" data-e-type=\"section\" data-settings=\"{&quot;animation&quot;:&quot;fadeInUp&quot;}\">\n\t\t\t\t\t\t<div class=\"elementor-container elementor-column-gap-default\">\n\t\t\t\t\t<div class=\"make-column-clickable-elementor elementor-column elementor-col-100 elementor-top-column elementor-element elementor-element-537fae5\" style=\"cursor: pointer;\" data-column-clickable=\"https:\/\/www.aeroclubalicante.com\/es\/informacion\/que-es-la-aviacion-general\/\" data-column-clickable-blank=\"_self\" data-id=\"537fae5\" data-element_type=\"column\" data-e-type=\"column\">\n\t\t\t<div class=\"elementor-widget-wrap elementor-element-populated\">\n\t\t\t\t\t\t<section class=\"elementor-section elementor-inner-section elementor-element elementor-element-2ff12aa grid-cards-servicios elementor-section-boxed elementor-section-height-default elementor-section-height-default\" data-id=\"2ff12aa\" data-element_type=\"section\" data-e-type=\"section\">\n\t\t\t\t\t\t<div class=\"elementor-container elementor-column-gap-default\">\n\t\t\t\t\t<div class=\"make-column-clickable-elementor elementor-column elementor-col-25 elementor-inner-column elementor-element elementor-element-624e09b\" style=\"cursor: pointer;\" data-column-clickable=\"https:\/\/www.aeroclubalicante.com\/es\/informacion\/que-es-la-aviacion-general\/\" data-column-clickable-blank=\"_self\" data-id=\"624e09b\" data-element_type=\"column\" data-e-type=\"column\">\n\t\t\t<div class=\"elementor-widget-wrap elementor-element-populated\">\n\t\t\t\t\t\t<div class=\"elementor-element elementor-element-6fe3589 elementor-widget elementor-widget-heading\" data-id=\"6fe3589\" data-element_type=\"widget\" data-e-type=\"widget\" data-widget_type=\"heading.default\">\n\t\t\t\t<div class=\"elementor-widget-container\">\n\t\t\t\t\t<h2 class=\"elementor-heading-title elementor-size-default\">Qu\u00e9 es la aviaci\u00f3n general<\/h2>\t\t\t\t<\/div>\n\t\t\t\t<\/div>\n\t\t\t\t\t<\/div>\n\t\t<\/div>\n\t\t\t\t<div class=\"make-column-clickable-elementor elementor-column elementor-col-25 elementor-inner-column elementor-element elementor-element-e634f81\" style=\"cursor: pointer;\" data-column-clickable=\"https:\/\/www.aeroclubalicante.com\/es\/informacion\/aviacion-ultraligera\/\" data-column-clickable-blank=\"_self\" data-id=\"e634f81\" data-element_type=\"column\" data-e-type=\"column\">\n\t\t\t<div class=\"elementor-widget-wrap elementor-element-populated\">\n\t\t\t\t\t\t<div class=\"elementor-element elementor-element-3670a6b elementor-widget elementor-widget-heading\" data-id=\"3670a6b\" data-element_type=\"widget\" data-e-type=\"widget\" data-widget_type=\"heading.default\">\n\t\t\t\t<div class=\"elementor-widget-container\">\n\t\t\t\t\t<h2 class=\"elementor-heading-title elementor-size-default\">Aviaci\u00f3n ultraligera<\/h2>\t\t\t\t<\/div>\n\t\t\t\t<\/div>\n\t\t\t\t\t<\/div>\n\t\t<\/div>\n\t\t\t\t<div class=\"make-column-clickable-elementor elementor-column elementor-col-25 elementor-inner-column elementor-element elementor-element-d40f349\" style=\"cursor: pointer;\" data-column-clickable=\"https:\/\/www.aeroclubalicante.com\/es\/informacion\/flota-de-aviones-e-instalaciones\/\" data-column-clickable-blank=\"_self\" data-id=\"d40f349\" data-element_type=\"column\" data-e-type=\"column\">\n\t\t\t<div class=\"elementor-widget-wrap elementor-element-populated\">\n\t\t\t\t\t\t<div class=\"elementor-element elementor-element-56d3112 elementor-widget elementor-widget-heading\" data-id=\"56d3112\" data-element_type=\"widget\" data-e-type=\"widget\" data-widget_type=\"heading.default\">\n\t\t\t\t<div class=\"elementor-widget-container\">\n\t\t\t\t\t<h2 class=\"elementor-heading-title elementor-size-default\">Flota de aviones e instalaciones<\/h2>\t\t\t\t<\/div>\n\t\t\t\t<\/div>\n\t\t\t\t\t<\/div>\n\t\t<\/div>\n\t\t\t\t<div class=\"make-column-clickable-elementor elementor-column elementor-col-25 elementor-inner-column elementor-element elementor-element-f00a425\" style=\"cursor: pointer;\" data-column-clickable=\"https:\/\/www.aeroclubalicante.com\/es\/informacion\/historia-del-real-aeroclub-de-alicante\/\" data-column-clickable-blank=\"_self\" data-id=\"f00a425\" data-element_type=\"column\" data-e-type=\"column\">\n\t\t\t<div class=\"elementor-widget-wrap elementor-element-populated\">\n\t\t\t\t\t\t<div class=\"elementor-element elementor-element-465687c elementor-widget elementor-widget-heading\" data-id=\"465687c\" data-element_type=\"widget\" data-e-type=\"widget\" data-widget_type=\"heading.default\">\n\t\t\t\t<div class=\"elementor-widget-container\">\n\t\t\t\t\t<h2 class=\"elementor-heading-title elementor-size-default\">Historia del Rea Aeroclub de Alicante<\/h2>\t\t\t\t<\/div>\n\t\t\t\t<\/div>\n\t\t\t\t\t<\/div>\n\t\t<\/div>\n\t\t\t\t\t<\/div>\n\t\t<\/section>\n\t\t\t\t\t<\/div>\n\t\t<\/div>\n\t\t\t\t\t<\/div>\n\t\t<\/section>\n\t\t\t\t<section class=\"elementor-section elementor-top-section elementor-element elementor-element-5d77883d elementor-section-full_width animated-fast elementor-section-height-default elementor-section-height-default elementor-invisible\" data-id=\"5d77883d\" data-element_type=\"section\" data-e-type=\"section\" data-settings=\"{&quot;animation&quot;:&quot;fadeInUp&quot;}\">\n\t\t\t\t\t\t<div class=\"elementor-container elementor-column-gap-default\">\n\t\t\t\t\t<div class=\"elementor-column elementor-col-100 elementor-top-column elementor-element elementor-element-582b1848\" data-id=\"582b1848\" data-element_type=\"column\" data-e-type=\"column\" data-settings=\"{&quot;background_background&quot;:&quot;classic&quot;}\">\n\t\t\t<div class=\"elementor-widget-wrap elementor-element-populated\">\n\t\t\t\t\t\t<section class=\"elementor-section elementor-inner-section elementor-element elementor-element-36a1f1ff elementor-section-boxed elementor-section-height-default elementor-section-height-default\" data-id=\"36a1f1ff\" data-element_type=\"section\" data-e-type=\"section\">\n\t\t\t\t\t\t<div class=\"elementor-container elementor-column-gap-default\">\n\t\t\t\t\t<div class=\"elementor-column elementor-col-100 elementor-inner-column elementor-element elementor-element-769132f3\" data-id=\"769132f3\" data-element_type=\"column\" data-e-type=\"column\">\n\t\t\t<div class=\"elementor-widget-wrap elementor-element-populated\">\n\t\t\t\t\t\t<div class=\"elementor-element elementor-element-3f3d2f75 elementor-widget elementor-widget-heading\" data-id=\"3f3d2f75\" data-element_type=\"widget\" data-e-type=\"widget\" data-widget_type=\"heading.default\">\n\t\t\t\t<div class=\"elementor-widget-container\">\n\t\t\t\t\t<p class=\"elementor-heading-title elementor-size-default\">M\u00e1s informaci\u00f3n<\/p>\t\t\t\t<\/div>\n\t\t\t\t<\/div>\n\t\t\t\t<div class=\"elementor-element elementor-element-7d21550a elementor-widget elementor-widget-text-editor\" data-id=\"7d21550a\" data-element_type=\"widget\" data-e-type=\"widget\" data-widget_type=\"text-editor.default\">\n\t\t\t\t<div class=\"elementor-widget-container\">\n\t\t\t\t\t\t\t\t\t<p>En el siguiente enlace tienes nuestros datos, puedes llamarnos por tel\u00e9fono y concertar una cita para darte todos los detalles, o completar el formulario de contacto y nos pondremos en contacto contigo lo antes posible.<\/p>\t\t\t\t\t\t\t\t<\/div>\n\t\t\t\t<\/div>\n\t\t\t\t<div class=\"elementor-element elementor-element-2442cf80 elementor-align-left elementor-mobile-align-justify elementor-widget elementor-widget-button\" data-id=\"2442cf80\" data-element_type=\"widget\" data-e-type=\"widget\" data-widget_type=\"button.default\">\n\t\t\t\t<div class=\"elementor-widget-container\">\n\t\t\t\t\t\t\t\t\t<div class=\"elementor-button-wrapper\">\n\t\t\t\t\t<a class=\"elementor-button elementor-button-link elementor-size-sm\" href=\"#elementor-action%3Aaction%3Dpopup%3Aopen%26settings%3DeyJpZCI6NjUwLCJ0b2dnbGUiOmZhbHNlfQ%3D%3D\">\n\t\t\t\t\t\t<span class=\"elementor-button-content-wrapper\">\n\t\t\t\t\t\t\t\t\t<span class=\"elementor-button-text\">Quiero m\u00e1s informaci\u00f3n<\/span>\n\t\t\t\t\t<\/span>\n\t\t\t\t\t<\/a>\n\t\t\t\t<\/div>\n\t\t\t\t\t\t\t\t<\/div>\n\t\t\t\t<\/div>\n\t\t\t\t\t<\/div>\n\t\t<\/div>\n\t\t\t\t\t<\/div>\n\t\t<\/section>\n\t\t\t\t\t<\/div>\n\t\t<\/div>\n\t\t\t\t\t<\/div>\n\t\t<\/section>\n\t\t\t\t<section class=\"elementor-section elementor-top-section elementor-element elementor-element-c67c92e elementor-section-full_width animated-fast elementor-section-height-default elementor-section-height-default elementor-invisible\" data-id=\"c67c92e\" data-element_type=\"section\" data-e-type=\"section\" data-settings=\"{&quot;animation&quot;:&quot;fadeInUp&quot;,&quot;animation_delay&quot;:100}\">\n\t\t\t\t\t\t<div class=\"elementor-container elementor-column-gap-default\">\n\t\t\t\t\t<div class=\"elementor-column elementor-col-100 elementor-top-column elementor-element elementor-element-90c8d82\" data-id=\"90c8d82\" data-element_type=\"column\" data-e-type=\"column\" data-settings=\"{&quot;background_background&quot;:&quot;classic&quot;}\">\n\t\t\t<div class=\"elementor-widget-wrap elementor-element-populated\">\n\t\t\t\t\t\t<div class=\"elementor-element elementor-element-97049f8 elementor-widget elementor-widget-heading\" data-id=\"97049f8\" data-element_type=\"widget\" data-e-type=\"widget\" data-widget_type=\"heading.default\">\n\t\t\t\t<div class=\"elementor-widget-container\">\n\t\t\t\t\t<h2 class=\"elementor-heading-title elementor-size-default\">Newsletter<\/h2>\t\t\t\t<\/div>\n\t\t\t\t<\/div>\n\t\t\t\t<section class=\"elementor-section elementor-inner-section elementor-element elementor-element-ffa56df elementor-section-boxed elementor-section-height-default elementor-section-height-default\" data-id=\"ffa56df\" data-element_type=\"section\" data-e-type=\"section\">\n\t\t\t\t\t\t<div class=\"elementor-container elementor-column-gap-default\">\n\t\t\t\t\t<div class=\"elementor-column elementor-col-100 elementor-inner-column elementor-element elementor-element-ff703b2\" data-id=\"ff703b2\" data-element_type=\"column\" data-e-type=\"column\">\n\t\t\t<div class=\"elementor-widget-wrap elementor-element-populated\">\n\t\t\t\t\t\t<div class=\"elementor-element elementor-element-e4a0e7c elementor-widget elementor-widget-text-editor\" data-id=\"e4a0e7c\" data-element_type=\"widget\" data-e-type=\"widget\" data-widget_type=\"text-editor.default\">\n\t\t\t\t<div class=\"elementor-widget-container\">\n\t\t\t\t\t\t\t\t\t<p>Suscr\u00edbete para estar al corrientes de todas nuestras novedades y ofertas.<\/p>\t\t\t\t\t\t\t\t<\/div>\n\t\t\t\t<\/div>\n\t\t\t\t<div class=\"elementor-element elementor-element-05a6cc3 contact-form elementor-button-align-center elementor-mobile-button-align-stretch elementor-widget elementor-widget-form\" data-id=\"05a6cc3\" data-element_type=\"widget\" data-e-type=\"widget\" data-settings=\"{&quot;button_width_tablet&quot;:&quot;100&quot;,&quot;step_next_label&quot;:&quot;Next&quot;,&quot;step_previous_label&quot;:&quot;Previous&quot;,&quot;button_width&quot;:&quot;100&quot;,&quot;step_type&quot;:&quot;number_text&quot;,&quot;step_icon_shape&quot;:&quot;circle&quot;}\" data-widget_type=\"form.default\">\n\t\t\t\t<div class=\"elementor-widget-container\">\n\t\t\t\t\t\t\t<form class=\"elementor-form\" method=\"post\" name=\"Quiero hacerme socio\" aria-label=\"Quiero hacerme socio\">\n\t\t\t<input type=\"hidden\" name=\"post_id\" value=\"916\"\/>\n\t\t\t<input type=\"hidden\" name=\"form_id\" value=\"05a6cc3\"\/>\n\t\t\t<input type=\"hidden\" name=\"referer_title\" value=\"Real Aeroclub de Alicante | Escuela y Aer\u00f3dromo\" \/>\n\n\t\t\t\n\t\t\t<div class=\"elementor-form-fields-wrapper elementor-labels-above\">\n\t\t\t\t\t\t\t\t<div class=\"elementor-field-type-text elementor-field-group elementor-column elementor-field-group-name elementor-col-50\">\n\t\t\t\t\t\t\t\t\t\t\t\t\t<input size=\"1\" type=\"text\" name=\"form_fields[name]\" id=\"form-field-name\" class=\"elementor-field elementor-size-lg  elementor-field-textual\" placeholder=\"Nombre\">\n\t\t\t\t\t\t\t\t\t\t\t<\/div>\n\t\t\t\t\t\t\t\t<div class=\"elementor-field-type-email elementor-field-group elementor-column elementor-field-group-email elementor-col-50 elementor-field-required\">\n\t\t\t\t\t\t\t\t\t\t\t\t\t<input size=\"1\" type=\"email\" name=\"form_fields[email]\" id=\"form-field-email\" class=\"elementor-field elementor-size-lg  elementor-field-textual\" placeholder=\"Email*\" required=\"required\">\n\t\t\t\t\t\t\t\t\t\t\t<\/div>\n\t\t\t\t\t\t\t\t<div class=\"elementor-field-type-acceptance elementor-field-group elementor-column elementor-field-group-field_89a22e4 elementor-col-100 elementor-field-required\">\n\t\t\t\t\t\t\t<div class=\"elementor-field-subgroup\">\n\t\t\t<span class=\"elementor-field-option\">\n\t\t\t\t<input type=\"checkbox\" name=\"form_fields[field_89a22e4]\" id=\"form-field-field_89a22e4\" class=\"elementor-field elementor-size-lg  elementor-acceptance-field\" required=\"required\">\n\t\t\t\t<label for=\"form-field-field_89a22e4\">He le\u00eddo y acepto la <a href=\"\/es\/politica-de-privacidad\/\" rel=\"noindex nofollow\" target=\"_blank\">Pol\u00edtica de privacidad<\/a>.<\/label>\t\t\t<\/span>\n\t\t<\/div>\n\t\t\t\t\t\t<\/div>\n\t\t\t\t\t\t\t\t<div class=\"elementor-field-type-recaptcha_v3 elementor-field-group elementor-column elementor-field-group-field_e117b38 elementor-col-100 recaptcha_v3-bottomright\">\n\t\t\t\t\t<div class=\"elementor-field\" id=\"form-field-field_e117b38\"><div class=\"elementor-g-recaptcha\" data-sitekey=\"6Lf7rPgZAAAAAG8OUgwxvIVpUDcJoglJ6HGNaszl\" data-type=\"v3\" data-action=\"Form\" data-badge=\"bottomright\" data-size=\"invisible\"><\/div><\/div>\t\t\t\t<\/div>\n\t\t\t\t\t\t\t\t<div class=\"elementor-field-group elementor-column elementor-field-type-submit elementor-col-100 e-form__buttons elementor-md-100\">\n\t\t\t\t\t<button class=\"elementor-button elementor-size-sm\" type=\"submit\">\n\t\t\t\t\t\t<span class=\"elementor-button-content-wrapper\">\n\t\t\t\t\t\t\t\t\t\t\t\t\t\t\t\t\t\t\t\t\t\t<span class=\"elementor-button-text\">Suscribirme<\/span>\n\t\t\t\t\t\t\t\t\t\t\t\t\t<\/span>\n\t\t\t\t\t<\/button>\n\t\t\t\t<\/div>\n\t\t\t<\/div>\n\t\t<\/form>\n\t\t\t\t\t\t<\/div>\n\t\t\t\t<\/div>\n\t\t\t\t\t<\/div>\n\t\t<\/div>\n\t\t\t\t\t<\/div>\n\t\t<\/section>\n\t\t\t\t\t<\/div>\n\t\t<\/div>\n\t\t\t\t\t<\/div>\n\t\t<\/section>\n\t\t\t\t<\/div>\n\t\t","protected":false},"excerpt":{"rendered":"<p>\u00bfQuieres saber que es la Aviaci\u00f3n General? \u00bfEst\u00e1s interesado en el mundo de los ultraligeros? Aqu\u00ed tienes toda la informaci\u00f3n, adem\u00e1s te mostraremos la flota actual del Real Aeroclub de Alicante y lo m\u00e1s importante, nuestra historia, como hemos llegado hasta aqu\u00ed. Qu\u00e9 es la aviaci\u00f3n general Aviaci\u00f3n ultraligera Flota de aviones e instalaciones Historia [&hellip;]<\/p>\n","protected":false},"author":1,"featured_media":0,"parent":0,"menu_order":0,"comment_status":"closed","ping_status":"closed","template":"elementor_header_footer","meta":{"_acf_changed":false,"footnotes":""},"class_list":["post-916","page","type-page","status-publish","hentry"],"acf":[],"yoast_head":"<!-- This site is optimized with the Yoast SEO plugin v27.5 - https:\/\/yoast.com\/product\/yoast-seo-wordpress\/ -->\n<title>Informaci\u00f3n - Real Aeroclub de Alicante | Escuela y Aer\u00f3dromo<\/title>\n<meta name=\"robots\" content=\"index, follow, max-snippet:-1, max-image-preview:large, max-video-preview:-1\" \/>\n<link rel=\"canonical\" href=\"https:\/\/www.aeroclubalicante.com\/es\/informacion\/\" \/>\n<meta property=\"og:locale\" content=\"es_ES\" \/>\n<meta property=\"og:type\" content=\"article\" \/>\n<meta property=\"og:title\" content=\"Informaci\u00f3n - Real Aeroclub de Alicante | Escuela y Aer\u00f3dromo\" \/>\n<meta property=\"og:description\" content=\"\u00bfQuieres saber que es la Aviaci\u00f3n General? \u00bfEst\u00e1s interesado en el mundo de los ultraligeros? Aqu\u00ed tienes toda la informaci\u00f3n, adem\u00e1s te mostraremos la flota actual del Real Aeroclub de Alicante y lo m\u00e1s importante, nuestra historia, como hemos llegado hasta aqu\u00ed. Qu\u00e9 es la aviaci\u00f3n general Aviaci\u00f3n ultraligera Flota de aviones e instalaciones Historia [&hellip;]\" \/>\n<meta property=\"og:url\" content=\"https:\/\/www.aeroclubalicante.com\/es\/informacion\/\" \/>\n<meta property=\"og:site_name\" content=\"Real Aeroclub de Alicante | Escuela y Aer\u00f3dromo\" \/>\n<meta property=\"article:modified_time\" content=\"2021-12-10T09:43:29+00:00\" \/>\n<meta name=\"twitter:card\" content=\"summary_large_image\" \/>\n<meta name=\"twitter:label1\" content=\"Tiempo de lectura\" \/>\n\t<meta name=\"twitter:data1\" content=\"1 minuto\" \/>\n<script type=\"application\/ld+json\" class=\"yoast-schema-graph\">{\"@context\":\"https:\\\/\\\/schema.org\",\"@graph\":[{\"@type\":\"WebPage\",\"@id\":\"https:\\\/\\\/www.aeroclubalicante.com\\\/es\\\/informacion\\\/\",\"url\":\"https:\\\/\\\/www.aeroclubalicante.com\\\/es\\\/informacion\\\/\",\"name\":\"Informaci\u00f3n - Real Aeroclub de Alicante | Escuela y Aer\u00f3dromo\",\"isPartOf\":{\"@id\":\"https:\\\/\\\/www.aeroclubalicante.com\\\/es\\\/#website\"},\"datePublished\":\"2021-09-01T05:58:44+00:00\",\"dateModified\":\"2021-12-10T09:43:29+00:00\",\"breadcrumb\":{\"@id\":\"https:\\\/\\\/www.aeroclubalicante.com\\\/es\\\/informacion\\\/#breadcrumb\"},\"inLanguage\":\"es\",\"potentialAction\":[{\"@type\":\"ReadAction\",\"target\":[\"https:\\\/\\\/www.aeroclubalicante.com\\\/es\\\/informacion\\\/\"]}]},{\"@type\":\"BreadcrumbList\",\"@id\":\"https:\\\/\\\/www.aeroclubalicante.com\\\/es\\\/informacion\\\/#breadcrumb\",\"itemListElement\":[{\"@type\":\"ListItem\",\"position\":1,\"name\":\"Home\",\"item\":\"https:\\\/\\\/www.aeroclubalicante.com\\\/es\\\/\"},{\"@type\":\"ListItem\",\"position\":2,\"name\":\"Informaci\u00f3n\"}]},{\"@type\":\"WebSite\",\"@id\":\"https:\\\/\\\/www.aeroclubalicante.com\\\/es\\\/#website\",\"url\":\"https:\\\/\\\/www.aeroclubalicante.com\\\/es\\\/\",\"name\":\"Real Aeroclub de Alicante | Escuela y Aer\u00f3dromo\",\"description\":\"Cursos y licencias de vuelo. Escuela de pilotos en Alicante. Aeromodelismo con ultraligeros.\",\"publisher\":{\"@id\":\"https:\\\/\\\/www.aeroclubalicante.com\\\/es\\\/#organization\"},\"potentialAction\":[{\"@type\":\"SearchAction\",\"target\":{\"@type\":\"EntryPoint\",\"urlTemplate\":\"https:\\\/\\\/www.aeroclubalicante.com\\\/es\\\/?s={search_term_string}\"},\"query-input\":{\"@type\":\"PropertyValueSpecification\",\"valueRequired\":true,\"valueName\":\"search_term_string\"}}],\"inLanguage\":\"es\"},{\"@type\":\"Organization\",\"@id\":\"https:\\\/\\\/www.aeroclubalicante.com\\\/es\\\/#organization\",\"name\":\"Real Aeroclub de Alicante\",\"url\":\"https:\\\/\\\/www.aeroclubalicante.com\\\/es\\\/\",\"logo\":{\"@type\":\"ImageObject\",\"inLanguage\":\"es\",\"@id\":\"https:\\\/\\\/www.aeroclubalicante.com\\\/es\\\/#\\\/schema\\\/logo\\\/image\\\/\",\"url\":\"https:\\\/\\\/www.aeroclubalicante.com\\\/wp-content\\\/uploads\\\/2021\\\/08\\\/logo-aeroclub-alicante.svg\",\"contentUrl\":\"https:\\\/\\\/www.aeroclubalicante.com\\\/wp-content\\\/uploads\\\/2021\\\/08\\\/logo-aeroclub-alicante.svg\",\"width\":1,\"height\":1,\"caption\":\"Real Aeroclub de Alicante\"},\"image\":{\"@id\":\"https:\\\/\\\/www.aeroclubalicante.com\\\/es\\\/#\\\/schema\\\/logo\\\/image\\\/\"}}]}<\/script>\n<!-- \/ Yoast SEO plugin. -->","yoast_head_json":{"title":"Informaci\u00f3n - Real Aeroclub de Alicante | Escuela y Aer\u00f3dromo","robots":{"index":"index","follow":"follow","max-snippet":"max-snippet:-1","max-image-preview":"max-image-preview:large","max-video-preview":"max-video-preview:-1"},"canonical":"https:\/\/www.aeroclubalicante.com\/es\/informacion\/","og_locale":"es_ES","og_type":"article","og_title":"Informaci\u00f3n - Real Aeroclub de Alicante | Escuela y Aer\u00f3dromo","og_description":"\u00bfQuieres saber que es la Aviaci\u00f3n General? \u00bfEst\u00e1s interesado en el mundo de los ultraligeros? Aqu\u00ed tienes toda la informaci\u00f3n, adem\u00e1s te mostraremos la flota actual del Real Aeroclub de Alicante y lo m\u00e1s importante, nuestra historia, como hemos llegado hasta aqu\u00ed. Qu\u00e9 es la aviaci\u00f3n general Aviaci\u00f3n ultraligera Flota de aviones e instalaciones Historia [&hellip;]","og_url":"https:\/\/www.aeroclubalicante.com\/es\/informacion\/","og_site_name":"Real Aeroclub de Alicante | Escuela y Aer\u00f3dromo","article_modified_time":"2021-12-10T09:43:29+00:00","twitter_card":"summary_large_image","twitter_misc":{"Tiempo de lectura":"1 minuto"},"schema":{"@context":"https:\/\/schema.org","@graph":[{"@type":"WebPage","@id":"https:\/\/www.aeroclubalicante.com\/es\/informacion\/","url":"https:\/\/www.aeroclubalicante.com\/es\/informacion\/","name":"Informaci\u00f3n - Real Aeroclub de Alicante | Escuela y Aer\u00f3dromo","isPartOf":{"@id":"https:\/\/www.aeroclubalicante.com\/es\/#website"},"datePublished":"2021-09-01T05:58:44+00:00","dateModified":"2021-12-10T09:43:29+00:00","breadcrumb":{"@id":"https:\/\/www.aeroclubalicante.com\/es\/informacion\/#breadcrumb"},"inLanguage":"es","potentialAction":[{"@type":"ReadAction","target":["https:\/\/www.aeroclubalicante.com\/es\/informacion\/"]}]},{"@type":"BreadcrumbList","@id":"https:\/\/www.aeroclubalicante.com\/es\/informacion\/#breadcrumb","itemListElement":[{"@type":"ListItem","position":1,"name":"Home","item":"https:\/\/www.aeroclubalicante.com\/es\/"},{"@type":"ListItem","position":2,"name":"Informaci\u00f3n"}]},{"@type":"WebSite","@id":"https:\/\/www.aeroclubalicante.com\/es\/#website","url":"https:\/\/www.aeroclubalicante.com\/es\/","name":"Real Aeroclub de Alicante | Escuela y Aer\u00f3dromo","description":"Cursos y licencias de vuelo. Escuela de pilotos en Alicante. Aeromodelismo con ultraligeros.","publisher":{"@id":"https:\/\/www.aeroclubalicante.com\/es\/#organization"},"potentialAction":[{"@type":"SearchAction","target":{"@type":"EntryPoint","urlTemplate":"https:\/\/www.aeroclubalicante.com\/es\/?s={search_term_string}"},"query-input":{"@type":"PropertyValueSpecification","valueRequired":true,"valueName":"search_term_string"}}],"inLanguage":"es"},{"@type":"Organization","@id":"https:\/\/www.aeroclubalicante.com\/es\/#organization","name":"Real Aeroclub de Alicante","url":"https:\/\/www.aeroclubalicante.com\/es\/","logo":{"@type":"ImageObject","inLanguage":"es","@id":"https:\/\/www.aeroclubalicante.com\/es\/#\/schema\/logo\/image\/","url":"https:\/\/www.aeroclubalicante.com\/wp-content\/uploads\/2021\/08\/logo-aeroclub-alicante.svg","contentUrl":"https:\/\/www.aeroclubalicante.com\/wp-content\/uploads\/2021\/08\/logo-aeroclub-alicante.svg","width":1,"height":1,"caption":"Real Aeroclub de Alicante"},"image":{"@id":"https:\/\/www.aeroclubalicante.com\/es\/#\/schema\/logo\/image\/"}}]}},"_links":{"self":[{"href":"https:\/\/www.aeroclubalicante.com\/es\/wp-json\/wp\/v2\/pages\/916","targetHints":{"allow":["GET"]}}],"collection":[{"href":"https:\/\/www.aeroclubalicante.com\/es\/wp-json\/wp\/v2\/pages"}],"about":[{"href":"https:\/\/www.aeroclubalicante.com\/es\/wp-json\/wp\/v2\/types\/page"}],"author":[{"embeddable":true,"href":"https:\/\/www.aeroclubalicante.com\/es\/wp-json\/wp\/v2\/users\/1"}],"replies":[{"embeddable":true,"href":"https:\/\/www.aeroclubalicante.com\/es\/wp-json\/wp\/v2\/comments?post=916"}],"version-history":[{"count":0,"href":"https:\/\/www.aeroclubalicante.com\/es\/wp-json\/wp\/v2\/pages\/916\/revisions"}],"wp:attachment":[{"href":"https:\/\/www.aeroclubalicante.com\/es\/wp-json\/wp\/v2\/media?parent=916"}],"curies":[{"name":"wp","href":"https:\/\/api.w.org\/{rel}","templated":true}]}}