{"id":4179,"date":"2023-04-02T18:18:40","date_gmt":"2023-04-02T16:18:40","guid":{"rendered":"https:\/\/www.aeroclubalicante.com\/?page_id=4179"},"modified":"2023-04-02T18:24:55","modified_gmt":"2023-04-02T16:24:55","slug":"carta-de-aproximacion","status":"publish","type":"page","link":"https:\/\/www.aeroclubalicante.com\/es\/carta-de-aproximacion\/","title":{"rendered":"Carta de Aproximaci\u00f3n"},"content":{"rendered":"\t\t<div data-elementor-type=\"wp-page\" data-elementor-id=\"4179\" class=\"elementor elementor-4179\" data-elementor-post-type=\"page\">\n\t\t\t\t\t\t<section class=\"elementor-section elementor-top-section elementor-element elementor-element-1575888e animated-fast elementor-section-boxed elementor-section-height-default elementor-section-height-default elementor-invisible\" data-id=\"1575888e\" data-element_type=\"section\" data-e-type=\"section\" data-settings=\"{&quot;animation&quot;:&quot;fadeInUp&quot;}\">\n\t\t\t\t\t\t<div class=\"elementor-container elementor-column-gap-default\">\n\t\t\t\t\t<div class=\"elementor-column elementor-col-100 elementor-top-column elementor-element elementor-element-1cc9970\" data-id=\"1cc9970\" data-element_type=\"column\" data-e-type=\"column\">\n\t\t\t<div class=\"elementor-widget-wrap elementor-element-populated\">\n\t\t\t\t\t\t<div class=\"elementor-element elementor-element-1339bb89 elementor-align-center elementor-widget elementor-widget-breadcrumbs\" data-id=\"1339bb89\" data-element_type=\"widget\" data-e-type=\"widget\" data-widget_type=\"breadcrumbs.default\">\n\t\t\t\t<div class=\"elementor-widget-container\">\n\t\t\t\t\t<p id=\"breadcrumbs\"><span><span><a href=\"https:\/\/www.aeroclubalicante.com\/es\/\">Home<\/a><\/span><\/span><\/p>\t\t\t\t<\/div>\n\t\t\t\t<\/div>\n\t\t\t\t<div class=\"elementor-element elementor-element-78e18a1a elementor-widget elementor-widget-heading\" data-id=\"78e18a1a\" data-element_type=\"widget\" data-e-type=\"widget\" data-widget_type=\"heading.default\">\n\t\t\t\t<div class=\"elementor-widget-container\">\n\t\t\t\t\t<h1 class=\"elementor-heading-title elementor-size-default\">Carta de Aproximaci\u00f3n<\/h1>\t\t\t\t<\/div>\n\t\t\t\t<\/div>\n\t\t\t\t\t<\/div>\n\t\t<\/div>\n\t\t\t\t\t<\/div>\n\t\t<\/section>\n\t\t\t\t<section class=\"elementor-section elementor-top-section elementor-element elementor-element-6ad917e7 animated-fast elementor-section-boxed elementor-section-height-default elementor-section-height-default elementor-invisible\" data-id=\"6ad917e7\" data-element_type=\"section\" data-e-type=\"section\" data-settings=\"{&quot;animation&quot;:&quot;fadeInUp&quot;}\">\n\t\t\t\t\t\t<div class=\"elementor-container elementor-column-gap-default\">\n\t\t\t\t\t<div class=\"elementor-column elementor-col-100 elementor-top-column elementor-element elementor-element-3edff910\" data-id=\"3edff910\" data-element_type=\"column\" data-e-type=\"column\">\n\t\t\t<div class=\"elementor-widget-wrap elementor-element-populated\">\n\t\t\t\t\t\t<section class=\"elementor-section elementor-inner-section elementor-element elementor-element-7315c049 grid-cards-servicios elementor-section-boxed elementor-section-height-default elementor-section-height-default\" data-id=\"7315c049\" data-element_type=\"section\" data-e-type=\"section\">\n\t\t\t\t\t\t<div class=\"elementor-container elementor-column-gap-default\">\n\t\t\t\t\t<div class=\"make-column-clickable-elementor elementor-column elementor-col-100 elementor-inner-column elementor-element elementor-element-519a8a26\" style=\"cursor: pointer;\" data-column-clickable=\"https:\/\/www.aeroclubalicante.com\/es\/servicios\/entorno-turistico\/\" data-column-clickable-blank=\"_self\" data-id=\"519a8a26\" data-element_type=\"column\" data-e-type=\"column\">\n\t\t\t<div class=\"elementor-widget-wrap elementor-element-populated\">\n\t\t\t\t\t\t<div class=\"elementor-element elementor-element-6001f54 elementor-widget elementor-widget-heading\" data-id=\"6001f54\" data-element_type=\"widget\" data-e-type=\"widget\" data-widget_type=\"heading.default\">\n\t\t\t\t<div class=\"elementor-widget-container\">\n\t\t\t\t\t<h2 class=\"elementor-heading-title elementor-size-default\"><a href=\"https:\/\/www.aeroclubalicante.com\/wp-content\/uploads\/2023\/04\/VAC-0922-ev.pdf\" target=\"_blank\">Haga click aqu\u00ed para descargar la Carta de Aproximaci\u00f3n<\/a><\/h2>\t\t\t\t<\/div>\n\t\t\t\t<\/div>\n\t\t\t\t\t<\/div>\n\t\t<\/div>\n\t\t\t\t\t<\/div>\n\t\t<\/section>\n\t\t\t\t\t<\/div>\n\t\t<\/div>\n\t\t\t\t\t<\/div>\n\t\t<\/section>\n\t\t\t\t<section class=\"elementor-section elementor-top-section elementor-element elementor-element-1c85a46f elementor-section-full_width animated-fast elementor-section-height-default elementor-section-height-default elementor-invisible\" data-id=\"1c85a46f\" data-element_type=\"section\" data-e-type=\"section\" data-settings=\"{&quot;animation&quot;:&quot;fadeInUp&quot;}\">\n\t\t\t\t\t\t<div class=\"elementor-container elementor-column-gap-default\">\n\t\t\t\t\t<div class=\"elementor-column elementor-col-100 elementor-top-column elementor-element elementor-element-6274c8ae\" data-id=\"6274c8ae\" data-element_type=\"column\" data-e-type=\"column\" data-settings=\"{&quot;background_background&quot;:&quot;classic&quot;}\">\n\t\t\t<div class=\"elementor-widget-wrap elementor-element-populated\">\n\t\t\t\t\t\t<section class=\"elementor-section elementor-inner-section elementor-element elementor-element-3022e1c elementor-section-boxed elementor-section-height-default elementor-section-height-default\" data-id=\"3022e1c\" data-element_type=\"section\" data-e-type=\"section\">\n\t\t\t\t\t\t<div class=\"elementor-container elementor-column-gap-default\">\n\t\t\t\t\t<div class=\"elementor-column elementor-col-100 elementor-inner-column elementor-element elementor-element-1c30c5f\" data-id=\"1c30c5f\" data-element_type=\"column\" data-e-type=\"column\">\n\t\t\t<div class=\"elementor-widget-wrap elementor-element-populated\">\n\t\t\t\t\t\t<div class=\"elementor-element elementor-element-2f992e03 elementor-widget elementor-widget-heading\" data-id=\"2f992e03\" data-element_type=\"widget\" data-e-type=\"widget\" data-widget_type=\"heading.default\">\n\t\t\t\t<div class=\"elementor-widget-container\">\n\t\t\t\t\t<p class=\"elementor-heading-title elementor-size-default\">M\u00e1s informaci\u00f3n<\/p>\t\t\t\t<\/div>\n\t\t\t\t<\/div>\n\t\t\t\t<div class=\"elementor-element elementor-element-68904452 elementor-widget elementor-widget-text-editor\" data-id=\"68904452\" data-element_type=\"widget\" data-e-type=\"widget\" data-widget_type=\"text-editor.default\">\n\t\t\t\t<div class=\"elementor-widget-container\">\n\t\t\t\t\t\t\t\t\t<p>En el siguiente enlace tienes nuestros datos, puedes llamarnos por tel\u00e9fono y concertar una cita para darte todos los detalles, o completar el formulario de contacto y nos pondremos en contacto contigo lo antes posible.<\/p>\t\t\t\t\t\t\t\t<\/div>\n\t\t\t\t<\/div>\n\t\t\t\t<div class=\"elementor-element elementor-element-41f4b3e8 elementor-align-left elementor-mobile-align-justify elementor-widget elementor-widget-button\" data-id=\"41f4b3e8\" data-element_type=\"widget\" data-e-type=\"widget\" data-widget_type=\"button.default\">\n\t\t\t\t<div class=\"elementor-widget-container\">\n\t\t\t\t\t\t\t\t\t<div class=\"elementor-button-wrapper\">\n\t\t\t\t\t<a class=\"elementor-button elementor-button-link elementor-size-sm\" href=\"#elementor-action%3Aaction%3Dpopup%3Aopen%26settings%3DeyJpZCI6NjUwLCJ0b2dnbGUiOmZhbHNlfQ%3D%3D\">\n\t\t\t\t\t\t<span class=\"elementor-button-content-wrapper\">\n\t\t\t\t\t\t\t\t\t<span class=\"elementor-button-text\">Quiero m\u00e1s informaci\u00f3n<\/span>\n\t\t\t\t\t<\/span>\n\t\t\t\t\t<\/a>\n\t\t\t\t<\/div>\n\t\t\t\t\t\t\t\t<\/div>\n\t\t\t\t<\/div>\n\t\t\t\t\t<\/div>\n\t\t<\/div>\n\t\t\t\t\t<\/div>\n\t\t<\/section>\n\t\t\t\t\t<\/div>\n\t\t<\/div>\n\t\t\t\t\t<\/div>\n\t\t<\/section>\n\t\t\t\t<section class=\"elementor-section elementor-top-section elementor-element elementor-element-7399963c elementor-section-full_width animated-fast elementor-section-height-default elementor-section-height-default elementor-invisible\" data-id=\"7399963c\" data-element_type=\"section\" data-e-type=\"section\" data-settings=\"{&quot;animation&quot;:&quot;fadeInUp&quot;,&quot;animation_delay&quot;:100}\">\n\t\t\t\t\t\t<div class=\"elementor-container elementor-column-gap-default\">\n\t\t\t\t\t<div class=\"elementor-column elementor-col-100 elementor-top-column elementor-element elementor-element-2c4a174b\" data-id=\"2c4a174b\" data-element_type=\"column\" data-e-type=\"column\" data-settings=\"{&quot;background_background&quot;:&quot;classic&quot;}\">\n\t\t\t<div class=\"elementor-widget-wrap elementor-element-populated\">\n\t\t\t\t\t\t<div class=\"elementor-element elementor-element-4dfe9ec9 elementor-widget elementor-widget-heading\" data-id=\"4dfe9ec9\" data-element_type=\"widget\" data-e-type=\"widget\" data-widget_type=\"heading.default\">\n\t\t\t\t<div class=\"elementor-widget-container\">\n\t\t\t\t\t<h2 class=\"elementor-heading-title elementor-size-default\">Newsletter<\/h2>\t\t\t\t<\/div>\n\t\t\t\t<\/div>\n\t\t\t\t<section class=\"elementor-section elementor-inner-section elementor-element elementor-element-39d3e69e elementor-section-boxed elementor-section-height-default elementor-section-height-default\" data-id=\"39d3e69e\" data-element_type=\"section\" data-e-type=\"section\">\n\t\t\t\t\t\t<div class=\"elementor-container elementor-column-gap-default\">\n\t\t\t\t\t<div class=\"elementor-column elementor-col-100 elementor-inner-column elementor-element elementor-element-32e4b8d3\" data-id=\"32e4b8d3\" data-element_type=\"column\" data-e-type=\"column\">\n\t\t\t<div class=\"elementor-widget-wrap elementor-element-populated\">\n\t\t\t\t\t\t<div class=\"elementor-element elementor-element-554f620e elementor-widget elementor-widget-text-editor\" data-id=\"554f620e\" data-element_type=\"widget\" data-e-type=\"widget\" data-widget_type=\"text-editor.default\">\n\t\t\t\t<div class=\"elementor-widget-container\">\n\t\t\t\t\t\t\t\t\t<p>Suscr\u00edbete para estar al corrientes de todas nuestras novedades y ofertas.<\/p>\t\t\t\t\t\t\t\t<\/div>\n\t\t\t\t<\/div>\n\t\t\t\t<div class=\"elementor-element elementor-element-59b2a6be contact-form elementor-button-align-center elementor-mobile-button-align-stretch elementor-widget elementor-widget-form\" data-id=\"59b2a6be\" data-element_type=\"widget\" data-e-type=\"widget\" data-settings=\"{&quot;button_width_tablet&quot;:&quot;100&quot;,&quot;step_next_label&quot;:&quot;Next&quot;,&quot;step_previous_label&quot;:&quot;Previous&quot;,&quot;button_width&quot;:&quot;100&quot;,&quot;step_type&quot;:&quot;number_text&quot;,&quot;step_icon_shape&quot;:&quot;circle&quot;}\" data-widget_type=\"form.default\">\n\t\t\t\t<div class=\"elementor-widget-container\">\n\t\t\t\t\t\t\t<form class=\"elementor-form\" method=\"post\" name=\"Quiero hacerme socio\" aria-label=\"Quiero hacerme socio\">\n\t\t\t<input type=\"hidden\" name=\"post_id\" value=\"4179\"\/>\n\t\t\t<input type=\"hidden\" name=\"form_id\" value=\"59b2a6be\"\/>\n\t\t\t<input type=\"hidden\" name=\"referer_title\" value=\"Real Aeroclub de Alicante | Escuela y Aer\u00f3dromo\" \/>\n\n\t\t\t\n\t\t\t<div class=\"elementor-form-fields-wrapper elementor-labels-above\">\n\t\t\t\t\t\t\t\t<div class=\"elementor-field-type-text elementor-field-group elementor-column elementor-field-group-name elementor-col-50\">\n\t\t\t\t\t\t\t\t\t\t\t\t\t<input size=\"1\" type=\"text\" name=\"form_fields[name]\" id=\"form-field-name\" class=\"elementor-field elementor-size-lg  elementor-field-textual\" placeholder=\"Nombre\">\n\t\t\t\t\t\t\t\t\t\t\t<\/div>\n\t\t\t\t\t\t\t\t<div class=\"elementor-field-type-email elementor-field-group elementor-column elementor-field-group-email elementor-col-50 elementor-field-required\">\n\t\t\t\t\t\t\t\t\t\t\t\t\t<input size=\"1\" type=\"email\" name=\"form_fields[email]\" id=\"form-field-email\" class=\"elementor-field elementor-size-lg  elementor-field-textual\" placeholder=\"Email*\" required=\"required\">\n\t\t\t\t\t\t\t\t\t\t\t<\/div>\n\t\t\t\t\t\t\t\t<div class=\"elementor-field-type-acceptance elementor-field-group elementor-column elementor-field-group-field_89a22e4 elementor-col-100 elementor-field-required\">\n\t\t\t\t\t\t\t<div class=\"elementor-field-subgroup\">\n\t\t\t<span class=\"elementor-field-option\">\n\t\t\t\t<input type=\"checkbox\" name=\"form_fields[field_89a22e4]\" id=\"form-field-field_89a22e4\" class=\"elementor-field elementor-size-lg  elementor-acceptance-field\" required=\"required\">\n\t\t\t\t<label for=\"form-field-field_89a22e4\">He le\u00eddo y acepto la <a href=\"\/es\/politica-de-privacidad\/\" rel=\"noindex nofollow\" target=\"_blank\">Pol\u00edtica de privacidad<\/a>.<\/label>\t\t\t<\/span>\n\t\t<\/div>\n\t\t\t\t\t\t<\/div>\n\t\t\t\t\t\t\t\t<div class=\"elementor-field-type-recaptcha_v3 elementor-field-group elementor-column elementor-field-group-field_0437db3 elementor-col-100 recaptcha_v3-bottomright\">\n\t\t\t\t\t<div class=\"elementor-field\" id=\"form-field-field_0437db3\"><div class=\"elementor-g-recaptcha\" data-sitekey=\"6Lf7rPgZAAAAAG8OUgwxvIVpUDcJoglJ6HGNaszl\" data-type=\"v3\" data-action=\"Form\" data-badge=\"bottomright\" data-size=\"invisible\"><\/div><\/div>\t\t\t\t<\/div>\n\t\t\t\t\t\t\t\t<div class=\"elementor-field-group elementor-column elementor-field-type-submit elementor-col-100 e-form__buttons elementor-md-100\">\n\t\t\t\t\t<button class=\"elementor-button elementor-size-sm\" type=\"submit\">\n\t\t\t\t\t\t<span class=\"elementor-button-content-wrapper\">\n\t\t\t\t\t\t\t\t\t\t\t\t\t\t\t\t\t\t\t\t\t\t<span class=\"elementor-button-text\">Suscribirme<\/span>\n\t\t\t\t\t\t\t\t\t\t\t\t\t<\/span>\n\t\t\t\t\t<\/button>\n\t\t\t\t<\/div>\n\t\t\t<\/div>\n\t\t<\/form>\n\t\t\t\t\t\t<\/div>\n\t\t\t\t<\/div>\n\t\t\t\t\t<\/div>\n\t\t<\/div>\n\t\t\t\t\t<\/div>\n\t\t<\/section>\n\t\t\t\t\t<\/div>\n\t\t<\/div>\n\t\t\t\t\t<\/div>\n\t\t<\/section>\n\t\t\t\t<\/div>\n\t\t","protected":false},"excerpt":{"rendered":"<p>Haga click aqu\u00ed para descargar la Carta de Aproximaci\u00f3n M\u00e1s informaci\u00f3n En el siguiente enlace tienes nuestros datos, puedes llamarnos por tel\u00e9fono y concertar una cita para darte todos los detalles, o completar el formulario de contacto y nos pondremos en contacto contigo lo antes posible. Quiero m\u00e1s informaci\u00f3n Newsletter Suscr\u00edbete para estar al corrientes [&hellip;]<\/p>\n","protected":false},"author":2,"featured_media":0,"parent":0,"menu_order":0,"comment_status":"closed","ping_status":"closed","template":"elementor_header_footer","meta":{"_acf_changed":false,"footnotes":""},"class_list":["post-4179","page","type-page","status-publish","hentry"],"acf":[],"yoast_head":"<!-- This site is optimized with the Yoast SEO plugin v27.3 - https:\/\/yoast.com\/product\/yoast-seo-wordpress\/ -->\n<title>Carta de Aproximaci\u00f3n - Real Aeroclub de Alicante | Escuela y Aer\u00f3dromo<\/title>\n<meta name=\"robots\" content=\"index, follow, max-snippet:-1, max-image-preview:large, max-video-preview:-1\" \/>\n<link rel=\"canonical\" href=\"https:\/\/www.aeroclubalicante.com\/es\/carta-de-aproximacion\/\" \/>\n<meta property=\"og:locale\" content=\"es_ES\" \/>\n<meta property=\"og:type\" content=\"article\" \/>\n<meta property=\"og:title\" content=\"Carta de Aproximaci\u00f3n - Real Aeroclub de Alicante | Escuela y Aer\u00f3dromo\" \/>\n<meta property=\"og:description\" content=\"Haga click aqu\u00ed para descargar la Carta de Aproximaci\u00f3n M\u00e1s informaci\u00f3n En el siguiente enlace tienes nuestros datos, puedes llamarnos por tel\u00e9fono y concertar una cita para darte todos los detalles, o completar el formulario de contacto y nos pondremos en contacto contigo lo antes posible. Quiero m\u00e1s informaci\u00f3n Newsletter Suscr\u00edbete para estar al corrientes [&hellip;]\" \/>\n<meta property=\"og:url\" content=\"https:\/\/www.aeroclubalicante.com\/es\/carta-de-aproximacion\/\" \/>\n<meta property=\"og:site_name\" content=\"Real Aeroclub de Alicante | Escuela y Aer\u00f3dromo\" \/>\n<meta property=\"article:modified_time\" content=\"2023-04-02T16:24:55+00:00\" \/>\n<meta name=\"twitter:card\" content=\"summary_large_image\" \/>\n<meta name=\"twitter:label1\" content=\"Tiempo de lectura\" \/>\n\t<meta name=\"twitter:data1\" content=\"1 minuto\" \/>\n<script type=\"application\/ld+json\" class=\"yoast-schema-graph\">{\"@context\":\"https:\\\/\\\/schema.org\",\"@graph\":[{\"@type\":\"WebPage\",\"@id\":\"https:\\\/\\\/www.aeroclubalicante.com\\\/es\\\/carta-de-aproximacion\\\/\",\"url\":\"https:\\\/\\\/www.aeroclubalicante.com\\\/es\\\/carta-de-aproximacion\\\/\",\"name\":\"Carta de Aproximaci\u00f3n - Real Aeroclub de Alicante | Escuela y Aer\u00f3dromo\",\"isPartOf\":{\"@id\":\"https:\\\/\\\/www.aeroclubalicante.com\\\/es\\\/#website\"},\"datePublished\":\"2023-04-02T16:18:40+00:00\",\"dateModified\":\"2023-04-02T16:24:55+00:00\",\"breadcrumb\":{\"@id\":\"https:\\\/\\\/www.aeroclubalicante.com\\\/es\\\/carta-de-aproximacion\\\/#breadcrumb\"},\"inLanguage\":\"es\",\"potentialAction\":[{\"@type\":\"ReadAction\",\"target\":[\"https:\\\/\\\/www.aeroclubalicante.com\\\/es\\\/carta-de-aproximacion\\\/\"]}]},{\"@type\":\"BreadcrumbList\",\"@id\":\"https:\\\/\\\/www.aeroclubalicante.com\\\/es\\\/carta-de-aproximacion\\\/#breadcrumb\",\"itemListElement\":[{\"@type\":\"ListItem\",\"position\":1,\"name\":\"Home\",\"item\":\"https:\\\/\\\/www.aeroclubalicante.com\\\/es\\\/\"},{\"@type\":\"ListItem\",\"position\":2,\"name\":\"Carta de Aproximaci\u00f3n\"}]},{\"@type\":\"WebSite\",\"@id\":\"https:\\\/\\\/www.aeroclubalicante.com\\\/es\\\/#website\",\"url\":\"https:\\\/\\\/www.aeroclubalicante.com\\\/es\\\/\",\"name\":\"Real Aeroclub de Alicante | Escuela y Aer\u00f3dromo\",\"description\":\"Cursos y licencias de vuelo. Escuela de pilotos en Alicante. Aeromodelismo con ultraligeros.\",\"publisher\":{\"@id\":\"https:\\\/\\\/www.aeroclubalicante.com\\\/es\\\/#organization\"},\"potentialAction\":[{\"@type\":\"SearchAction\",\"target\":{\"@type\":\"EntryPoint\",\"urlTemplate\":\"https:\\\/\\\/www.aeroclubalicante.com\\\/es\\\/?s={search_term_string}\"},\"query-input\":{\"@type\":\"PropertyValueSpecification\",\"valueRequired\":true,\"valueName\":\"search_term_string\"}}],\"inLanguage\":\"es\"},{\"@type\":\"Organization\",\"@id\":\"https:\\\/\\\/www.aeroclubalicante.com\\\/es\\\/#organization\",\"name\":\"Real Aeroclub de Alicante\",\"url\":\"https:\\\/\\\/www.aeroclubalicante.com\\\/es\\\/\",\"logo\":{\"@type\":\"ImageObject\",\"inLanguage\":\"es\",\"@id\":\"https:\\\/\\\/www.aeroclubalicante.com\\\/es\\\/#\\\/schema\\\/logo\\\/image\\\/\",\"url\":\"https:\\\/\\\/www.aeroclubalicante.com\\\/wp-content\\\/uploads\\\/2021\\\/08\\\/logo-aeroclub-alicante.svg\",\"contentUrl\":\"https:\\\/\\\/www.aeroclubalicante.com\\\/wp-content\\\/uploads\\\/2021\\\/08\\\/logo-aeroclub-alicante.svg\",\"width\":1,\"height\":1,\"caption\":\"Real Aeroclub de Alicante\"},\"image\":{\"@id\":\"https:\\\/\\\/www.aeroclubalicante.com\\\/es\\\/#\\\/schema\\\/logo\\\/image\\\/\"}}]}<\/script>\n<!-- \/ Yoast SEO plugin. -->","yoast_head_json":{"title":"Carta de Aproximaci\u00f3n - Real Aeroclub de Alicante | Escuela y Aer\u00f3dromo","robots":{"index":"index","follow":"follow","max-snippet":"max-snippet:-1","max-image-preview":"max-image-preview:large","max-video-preview":"max-video-preview:-1"},"canonical":"https:\/\/www.aeroclubalicante.com\/es\/carta-de-aproximacion\/","og_locale":"es_ES","og_type":"article","og_title":"Carta de Aproximaci\u00f3n - Real Aeroclub de Alicante | Escuela y Aer\u00f3dromo","og_description":"Haga click aqu\u00ed para descargar la Carta de Aproximaci\u00f3n M\u00e1s informaci\u00f3n En el siguiente enlace tienes nuestros datos, puedes llamarnos por tel\u00e9fono y concertar una cita para darte todos los detalles, o completar el formulario de contacto y nos pondremos en contacto contigo lo antes posible. Quiero m\u00e1s informaci\u00f3n Newsletter Suscr\u00edbete para estar al corrientes [&hellip;]","og_url":"https:\/\/www.aeroclubalicante.com\/es\/carta-de-aproximacion\/","og_site_name":"Real Aeroclub de Alicante | Escuela y Aer\u00f3dromo","article_modified_time":"2023-04-02T16:24:55+00:00","twitter_card":"summary_large_image","twitter_misc":{"Tiempo de lectura":"1 minuto"},"schema":{"@context":"https:\/\/schema.org","@graph":[{"@type":"WebPage","@id":"https:\/\/www.aeroclubalicante.com\/es\/carta-de-aproximacion\/","url":"https:\/\/www.aeroclubalicante.com\/es\/carta-de-aproximacion\/","name":"Carta de Aproximaci\u00f3n - Real Aeroclub de Alicante | Escuela y Aer\u00f3dromo","isPartOf":{"@id":"https:\/\/www.aeroclubalicante.com\/es\/#website"},"datePublished":"2023-04-02T16:18:40+00:00","dateModified":"2023-04-02T16:24:55+00:00","breadcrumb":{"@id":"https:\/\/www.aeroclubalicante.com\/es\/carta-de-aproximacion\/#breadcrumb"},"inLanguage":"es","potentialAction":[{"@type":"ReadAction","target":["https:\/\/www.aeroclubalicante.com\/es\/carta-de-aproximacion\/"]}]},{"@type":"BreadcrumbList","@id":"https:\/\/www.aeroclubalicante.com\/es\/carta-de-aproximacion\/#breadcrumb","itemListElement":[{"@type":"ListItem","position":1,"name":"Home","item":"https:\/\/www.aeroclubalicante.com\/es\/"},{"@type":"ListItem","position":2,"name":"Carta de Aproximaci\u00f3n"}]},{"@type":"WebSite","@id":"https:\/\/www.aeroclubalicante.com\/es\/#website","url":"https:\/\/www.aeroclubalicante.com\/es\/","name":"Real Aeroclub de Alicante | Escuela y Aer\u00f3dromo","description":"Cursos y licencias de vuelo. Escuela de pilotos en Alicante. Aeromodelismo con ultraligeros.","publisher":{"@id":"https:\/\/www.aeroclubalicante.com\/es\/#organization"},"potentialAction":[{"@type":"SearchAction","target":{"@type":"EntryPoint","urlTemplate":"https:\/\/www.aeroclubalicante.com\/es\/?s={search_term_string}"},"query-input":{"@type":"PropertyValueSpecification","valueRequired":true,"valueName":"search_term_string"}}],"inLanguage":"es"},{"@type":"Organization","@id":"https:\/\/www.aeroclubalicante.com\/es\/#organization","name":"Real Aeroclub de Alicante","url":"https:\/\/www.aeroclubalicante.com\/es\/","logo":{"@type":"ImageObject","inLanguage":"es","@id":"https:\/\/www.aeroclubalicante.com\/es\/#\/schema\/logo\/image\/","url":"https:\/\/www.aeroclubalicante.com\/wp-content\/uploads\/2021\/08\/logo-aeroclub-alicante.svg","contentUrl":"https:\/\/www.aeroclubalicante.com\/wp-content\/uploads\/2021\/08\/logo-aeroclub-alicante.svg","width":1,"height":1,"caption":"Real Aeroclub de Alicante"},"image":{"@id":"https:\/\/www.aeroclubalicante.com\/es\/#\/schema\/logo\/image\/"}}]}},"_links":{"self":[{"href":"https:\/\/www.aeroclubalicante.com\/es\/wp-json\/wp\/v2\/pages\/4179","targetHints":{"allow":["GET"]}}],"collection":[{"href":"https:\/\/www.aeroclubalicante.com\/es\/wp-json\/wp\/v2\/pages"}],"about":[{"href":"https:\/\/www.aeroclubalicante.com\/es\/wp-json\/wp\/v2\/types\/page"}],"author":[{"embeddable":true,"href":"https:\/\/www.aeroclubalicante.com\/es\/wp-json\/wp\/v2\/users\/2"}],"replies":[{"embeddable":true,"href":"https:\/\/www.aeroclubalicante.com\/es\/wp-json\/wp\/v2\/comments?post=4179"}],"version-history":[{"count":4,"href":"https:\/\/www.aeroclubalicante.com\/es\/wp-json\/wp\/v2\/pages\/4179\/revisions"}],"predecessor-version":[{"id":4184,"href":"https:\/\/www.aeroclubalicante.com\/es\/wp-json\/wp\/v2\/pages\/4179\/revisions\/4184"}],"wp:attachment":[{"href":"https:\/\/www.aeroclubalicante.com\/es\/wp-json\/wp\/v2\/media?parent=4179"}],"curies":[{"name":"wp","href":"https:\/\/api.w.org\/{rel}","templated":true}]}}