{"id":4168,"date":"2023-04-02T17:46:19","date_gmt":"2023-04-02T15:46:19","guid":{"rendered":"https:\/\/www.aeroclubalicante.com\/?page_id=4168"},"modified":"2023-04-02T18:10:00","modified_gmt":"2023-04-02T16:10:00","slug":"piloto","status":"publish","type":"page","link":"https:\/\/www.aeroclubalicante.com\/es\/piloto\/","title":{"rendered":"Piloto"},"content":{"rendered":"\t\t<div data-elementor-type=\"wp-page\" data-elementor-id=\"4168\" class=\"elementor elementor-4168\" data-elementor-post-type=\"page\">\n\t\t\t\t\t\t<section class=\"elementor-section elementor-top-section elementor-element elementor-element-4c0989f6 animated-fast elementor-section-boxed elementor-section-height-default elementor-section-height-default elementor-invisible\" data-id=\"4c0989f6\" data-element_type=\"section\" data-e-type=\"section\" data-settings=\"{&quot;animation&quot;:&quot;fadeInUp&quot;}\">\n\t\t\t\t\t\t<div class=\"elementor-container elementor-column-gap-default\">\n\t\t\t\t\t<div class=\"elementor-column elementor-col-100 elementor-top-column elementor-element elementor-element-3138906b\" data-id=\"3138906b\" data-element_type=\"column\" data-e-type=\"column\">\n\t\t\t<div class=\"elementor-widget-wrap elementor-element-populated\">\n\t\t\t\t\t\t<div class=\"elementor-element elementor-element-262a652c elementor-align-center elementor-widget elementor-widget-breadcrumbs\" data-id=\"262a652c\" data-element_type=\"widget\" data-e-type=\"widget\" data-widget_type=\"breadcrumbs.default\">\n\t\t\t\t<div class=\"elementor-widget-container\">\n\t\t\t\t\t<p id=\"breadcrumbs\"><span><span><a href=\"https:\/\/www.aeroclubalicante.com\/es\/\">Home<\/a><\/span><\/span><\/p>\t\t\t\t<\/div>\n\t\t\t\t<\/div>\n\t\t\t\t<div class=\"elementor-element elementor-element-30c81074 elementor-widget elementor-widget-heading\" data-id=\"30c81074\" data-element_type=\"widget\" data-e-type=\"widget\" data-widget_type=\"heading.default\">\n\t\t\t\t<div class=\"elementor-widget-container\">\n\t\t\t\t\t<h1 class=\"elementor-heading-title elementor-size-default\">Piloto<\/h1>\t\t\t\t<\/div>\n\t\t\t\t<\/div>\n\t\t\t\t<div class=\"elementor-element elementor-element-23c97611 elementor-widget elementor-widget-text-editor\" data-id=\"23c97611\" data-element_type=\"widget\" data-e-type=\"widget\" data-widget_type=\"text-editor.default\">\n\t\t\t\t<div class=\"elementor-widget-container\">\n\t\t\t\t\t\t\t\t\t<p>Aqu\u00ed puede encontrar la informaci\u00f3n necesaria para operar con seguridad en el Real Aeroclub de Alicante.<\/p>\t\t\t\t\t\t\t\t<\/div>\n\t\t\t\t<\/div>\n\t\t\t\t\t<\/div>\n\t\t<\/div>\n\t\t\t\t\t<\/div>\n\t\t<\/section>\n\t\t\t\t<section class=\"elementor-section elementor-top-section elementor-element elementor-element-6cdaa356 animated-fast elementor-section-boxed elementor-section-height-default elementor-section-height-default elementor-invisible\" data-id=\"6cdaa356\" data-element_type=\"section\" data-e-type=\"section\" data-settings=\"{&quot;animation&quot;:&quot;fadeInUp&quot;}\">\n\t\t\t\t\t\t<div class=\"elementor-container elementor-column-gap-default\">\n\t\t\t\t\t<div class=\"elementor-column elementor-col-100 elementor-top-column elementor-element elementor-element-32564a92\" data-id=\"32564a92\" data-element_type=\"column\" data-e-type=\"column\">\n\t\t\t<div class=\"elementor-widget-wrap elementor-element-populated\">\n\t\t\t\t\t\t<section class=\"elementor-section elementor-inner-section elementor-element elementor-element-635a7608 grid-cards-servicios elementor-section-boxed elementor-section-height-default elementor-section-height-default\" data-id=\"635a7608\" data-element_type=\"section\" data-e-type=\"section\">\n\t\t\t\t\t\t<div class=\"elementor-container elementor-column-gap-default\">\n\t\t\t\t\t<div class=\"make-column-clickable-elementor elementor-column elementor-col-33 elementor-inner-column elementor-element elementor-element-164fe8ad\" style=\"cursor: pointer;\" data-column-clickable=\"https:\/\/www.aeroclubalicante.com\/es\/servicios\/horas-de-vuelo-y-renovacion-de-licencias\/\" data-column-clickable-blank=\"_self\" data-id=\"164fe8ad\" data-element_type=\"column\" data-e-type=\"column\">\n\t\t\t<div class=\"elementor-widget-wrap elementor-element-populated\">\n\t\t\t\t\t\t<div class=\"elementor-element elementor-element-488adb26 elementor-widget elementor-widget-heading\" data-id=\"488adb26\" data-element_type=\"widget\" data-e-type=\"widget\" data-widget_type=\"heading.default\">\n\t\t\t\t<div class=\"elementor-widget-container\">\n\t\t\t\t\t<h2 class=\"elementor-heading-title elementor-size-default\"><a href=\"https:\/\/www.aeroclubalicante.com\/es\/servicios\/horas-de-vuelo-y-renovacion-de-licencias\">Horas de vuelo y renovaci\u00f3n de licencias<\/a><\/h2>\t\t\t\t<\/div>\n\t\t\t\t<\/div>\n\t\t\t\t\t<\/div>\n\t\t<\/div>\n\t\t\t\t<div class=\"elementor-column elementor-col-33 elementor-inner-column elementor-element elementor-element-76bcf851\" data-id=\"76bcf851\" data-element_type=\"column\" data-e-type=\"column\">\n\t\t\t<div class=\"elementor-widget-wrap elementor-element-populated\">\n\t\t\t\t\t\t<div class=\"elementor-element elementor-element-3a7815e8 elementor-widget elementor-widget-heading\" data-id=\"3a7815e8\" data-element_type=\"widget\" data-e-type=\"widget\" data-widget_type=\"heading.default\">\n\t\t\t\t<div class=\"elementor-widget-container\">\n\t\t\t\t\t<h2 class=\"elementor-heading-title elementor-size-default\"><a href=\"https:\/\/www.aeroclubalicante.com\/es\/servicios\/meteorologia\/\">Meteorolog\u00eda<\/a><\/h2>\t\t\t\t<\/div>\n\t\t\t\t<\/div>\n\t\t\t\t\t<\/div>\n\t\t<\/div>\n\t\t\t\t<div class=\"make-column-clickable-elementor elementor-column elementor-col-33 elementor-inner-column elementor-element elementor-element-50c3562a\" style=\"cursor: pointer;\" data-column-clickable=\"https:\/\/www.aeroclubalicante.com\/es\/servicios\/ofertas\/\" data-column-clickable-blank=\"_self\" data-id=\"50c3562a\" data-element_type=\"column\" data-e-type=\"column\">\n\t\t\t<div class=\"elementor-widget-wrap elementor-element-populated\">\n\t\t\t\t\t\t<div class=\"elementor-element elementor-element-471ccb65 elementor-widget elementor-widget-heading\" data-id=\"471ccb65\" data-element_type=\"widget\" data-e-type=\"widget\" data-widget_type=\"heading.default\">\n\t\t\t\t<div class=\"elementor-widget-container\">\n\t\t\t\t\t<h2 class=\"elementor-heading-title elementor-size-default\"><a href=\"https:\/\/www.aeroclubalicante.com\/wp-content\/uploads\/2023\/04\/VAC-0922-ev.pdf\" target=\"_blank\">Carta de Aproximaci\u00f3n<\/a><\/h2>\t\t\t\t<\/div>\n\t\t\t\t<\/div>\n\t\t\t\t\t<\/div>\n\t\t<\/div>\n\t\t\t\t\t<\/div>\n\t\t<\/section>\n\t\t\t\t\t<\/div>\n\t\t<\/div>\n\t\t\t\t\t<\/div>\n\t\t<\/section>\n\t\t\t\t<section class=\"elementor-section elementor-top-section elementor-element elementor-element-65fa857c elementor-section-full_width animated-fast elementor-section-height-default elementor-section-height-default elementor-invisible\" data-id=\"65fa857c\" data-element_type=\"section\" data-e-type=\"section\" data-settings=\"{&quot;animation&quot;:&quot;fadeInUp&quot;}\">\n\t\t\t\t\t\t<div class=\"elementor-container elementor-column-gap-default\">\n\t\t\t\t\t<div class=\"elementor-column elementor-col-100 elementor-top-column elementor-element elementor-element-39c33f7c\" data-id=\"39c33f7c\" data-element_type=\"column\" data-e-type=\"column\" data-settings=\"{&quot;background_background&quot;:&quot;classic&quot;}\">\n\t\t\t<div class=\"elementor-widget-wrap elementor-element-populated\">\n\t\t\t\t\t\t<section class=\"elementor-section elementor-inner-section elementor-element elementor-element-3a79737e elementor-section-boxed elementor-section-height-default elementor-section-height-default\" data-id=\"3a79737e\" data-element_type=\"section\" data-e-type=\"section\">\n\t\t\t\t\t\t<div class=\"elementor-container elementor-column-gap-default\">\n\t\t\t\t\t<div class=\"elementor-column elementor-col-100 elementor-inner-column elementor-element elementor-element-55da5943\" data-id=\"55da5943\" data-element_type=\"column\" data-e-type=\"column\">\n\t\t\t<div class=\"elementor-widget-wrap elementor-element-populated\">\n\t\t\t\t\t\t<div class=\"elementor-element elementor-element-66a5ecf3 elementor-widget elementor-widget-heading\" data-id=\"66a5ecf3\" data-element_type=\"widget\" data-e-type=\"widget\" data-widget_type=\"heading.default\">\n\t\t\t\t<div class=\"elementor-widget-container\">\n\t\t\t\t\t<p class=\"elementor-heading-title elementor-size-default\">M\u00e1s informaci\u00f3n<\/p>\t\t\t\t<\/div>\n\t\t\t\t<\/div>\n\t\t\t\t<div class=\"elementor-element elementor-element-8031f0e elementor-widget elementor-widget-text-editor\" data-id=\"8031f0e\" data-element_type=\"widget\" data-e-type=\"widget\" data-widget_type=\"text-editor.default\">\n\t\t\t\t<div class=\"elementor-widget-container\">\n\t\t\t\t\t\t\t\t\t<p>En el siguiente enlace tienes nuestros datos, puedes llamarnos por tel\u00e9fono y concertar una cita para darte todos los detalles, o completar el formulario de contacto y nos pondremos en contacto contigo lo antes posible.<\/p>\t\t\t\t\t\t\t\t<\/div>\n\t\t\t\t<\/div>\n\t\t\t\t<div class=\"elementor-element elementor-element-70f98dae elementor-align-left elementor-mobile-align-justify elementor-widget elementor-widget-button\" data-id=\"70f98dae\" data-element_type=\"widget\" data-e-type=\"widget\" data-widget_type=\"button.default\">\n\t\t\t\t<div class=\"elementor-widget-container\">\n\t\t\t\t\t\t\t\t\t<div class=\"elementor-button-wrapper\">\n\t\t\t\t\t<a class=\"elementor-button elementor-button-link elementor-size-sm\" href=\"#elementor-action%3Aaction%3Dpopup%3Aopen%26settings%3DeyJpZCI6NjUwLCJ0b2dnbGUiOmZhbHNlfQ%3D%3D\">\n\t\t\t\t\t\t<span class=\"elementor-button-content-wrapper\">\n\t\t\t\t\t\t\t\t\t<span class=\"elementor-button-text\">Quiero m\u00e1s informaci\u00f3n<\/span>\n\t\t\t\t\t<\/span>\n\t\t\t\t\t<\/a>\n\t\t\t\t<\/div>\n\t\t\t\t\t\t\t\t<\/div>\n\t\t\t\t<\/div>\n\t\t\t\t\t<\/div>\n\t\t<\/div>\n\t\t\t\t\t<\/div>\n\t\t<\/section>\n\t\t\t\t\t<\/div>\n\t\t<\/div>\n\t\t\t\t\t<\/div>\n\t\t<\/section>\n\t\t\t\t<section class=\"elementor-section elementor-top-section elementor-element elementor-element-626fdfc elementor-section-full_width animated-fast elementor-section-height-default elementor-section-height-default elementor-invisible\" data-id=\"626fdfc\" data-element_type=\"section\" data-e-type=\"section\" data-settings=\"{&quot;animation&quot;:&quot;fadeInUp&quot;,&quot;animation_delay&quot;:100}\">\n\t\t\t\t\t\t<div class=\"elementor-container elementor-column-gap-default\">\n\t\t\t\t\t<div class=\"elementor-column elementor-col-100 elementor-top-column elementor-element elementor-element-770f7d60\" data-id=\"770f7d60\" data-element_type=\"column\" data-e-type=\"column\" data-settings=\"{&quot;background_background&quot;:&quot;classic&quot;}\">\n\t\t\t<div class=\"elementor-widget-wrap elementor-element-populated\">\n\t\t\t\t\t\t<div class=\"elementor-element elementor-element-30776ba1 elementor-widget elementor-widget-heading\" data-id=\"30776ba1\" data-element_type=\"widget\" data-e-type=\"widget\" data-widget_type=\"heading.default\">\n\t\t\t\t<div class=\"elementor-widget-container\">\n\t\t\t\t\t<h2 class=\"elementor-heading-title elementor-size-default\">Newsletter<\/h2>\t\t\t\t<\/div>\n\t\t\t\t<\/div>\n\t\t\t\t<section class=\"elementor-section elementor-inner-section elementor-element elementor-element-6dee8922 elementor-section-boxed elementor-section-height-default elementor-section-height-default\" data-id=\"6dee8922\" data-element_type=\"section\" data-e-type=\"section\">\n\t\t\t\t\t\t<div class=\"elementor-container elementor-column-gap-default\">\n\t\t\t\t\t<div class=\"elementor-column elementor-col-100 elementor-inner-column elementor-element elementor-element-7f7cf12d\" data-id=\"7f7cf12d\" data-element_type=\"column\" data-e-type=\"column\">\n\t\t\t<div class=\"elementor-widget-wrap elementor-element-populated\">\n\t\t\t\t\t\t<div class=\"elementor-element elementor-element-7ede8d48 elementor-widget elementor-widget-text-editor\" data-id=\"7ede8d48\" data-element_type=\"widget\" data-e-type=\"widget\" data-widget_type=\"text-editor.default\">\n\t\t\t\t<div class=\"elementor-widget-container\">\n\t\t\t\t\t\t\t\t\t<p>Suscr\u00edbete para estar al corrientes de todas nuestras novedades y ofertas.<\/p>\t\t\t\t\t\t\t\t<\/div>\n\t\t\t\t<\/div>\n\t\t\t\t<div class=\"elementor-element elementor-element-92eec46 contact-form elementor-button-align-center elementor-mobile-button-align-stretch elementor-widget elementor-widget-form\" data-id=\"92eec46\" data-element_type=\"widget\" data-e-type=\"widget\" data-settings=\"{&quot;button_width_tablet&quot;:&quot;100&quot;,&quot;step_next_label&quot;:&quot;Next&quot;,&quot;step_previous_label&quot;:&quot;Previous&quot;,&quot;button_width&quot;:&quot;100&quot;,&quot;step_type&quot;:&quot;number_text&quot;,&quot;step_icon_shape&quot;:&quot;circle&quot;}\" data-widget_type=\"form.default\">\n\t\t\t\t<div class=\"elementor-widget-container\">\n\t\t\t\t\t\t\t<form class=\"elementor-form\" method=\"post\" name=\"Quiero hacerme socio\" aria-label=\"Quiero hacerme socio\">\n\t\t\t<input type=\"hidden\" name=\"post_id\" value=\"4168\"\/>\n\t\t\t<input type=\"hidden\" name=\"form_id\" value=\"92eec46\"\/>\n\t\t\t<input type=\"hidden\" name=\"referer_title\" value=\"Real Aeroclub de Alicante | Escuela y Aer\u00f3dromo\" \/>\n\n\t\t\t\n\t\t\t<div class=\"elementor-form-fields-wrapper elementor-labels-above\">\n\t\t\t\t\t\t\t\t<div class=\"elementor-field-type-text elementor-field-group elementor-column elementor-field-group-name elementor-col-50\">\n\t\t\t\t\t\t\t\t\t\t\t\t\t<input size=\"1\" type=\"text\" name=\"form_fields[name]\" id=\"form-field-name\" class=\"elementor-field elementor-size-lg  elementor-field-textual\" placeholder=\"Nombre\">\n\t\t\t\t\t\t\t\t\t\t\t<\/div>\n\t\t\t\t\t\t\t\t<div class=\"elementor-field-type-email elementor-field-group elementor-column elementor-field-group-email elementor-col-50 elementor-field-required\">\n\t\t\t\t\t\t\t\t\t\t\t\t\t<input size=\"1\" type=\"email\" name=\"form_fields[email]\" id=\"form-field-email\" class=\"elementor-field elementor-size-lg  elementor-field-textual\" placeholder=\"Email*\" required=\"required\">\n\t\t\t\t\t\t\t\t\t\t\t<\/div>\n\t\t\t\t\t\t\t\t<div class=\"elementor-field-type-acceptance elementor-field-group elementor-column elementor-field-group-field_89a22e4 elementor-col-100 elementor-field-required\">\n\t\t\t\t\t\t\t<div class=\"elementor-field-subgroup\">\n\t\t\t<span class=\"elementor-field-option\">\n\t\t\t\t<input type=\"checkbox\" name=\"form_fields[field_89a22e4]\" id=\"form-field-field_89a22e4\" class=\"elementor-field elementor-size-lg  elementor-acceptance-field\" required=\"required\">\n\t\t\t\t<label for=\"form-field-field_89a22e4\">He le\u00eddo y acepto la <a href=\"\/es\/politica-de-privacidad\/\" rel=\"noindex nofollow\" target=\"_blank\">Pol\u00edtica de privacidad<\/a>.<\/label>\t\t\t<\/span>\n\t\t<\/div>\n\t\t\t\t\t\t<\/div>\n\t\t\t\t\t\t\t\t<div class=\"elementor-field-type-recaptcha_v3 elementor-field-group elementor-column elementor-field-group-field_0437db3 elementor-col-100 recaptcha_v3-bottomright\">\n\t\t\t\t\t<div class=\"elementor-field\" id=\"form-field-field_0437db3\"><div class=\"elementor-g-recaptcha\" data-sitekey=\"6Lf7rPgZAAAAAG8OUgwxvIVpUDcJoglJ6HGNaszl\" data-type=\"v3\" data-action=\"Form\" data-badge=\"bottomright\" data-size=\"invisible\"><\/div><\/div>\t\t\t\t<\/div>\n\t\t\t\t\t\t\t\t<div class=\"elementor-field-group elementor-column elementor-field-type-submit elementor-col-100 e-form__buttons elementor-md-100\">\n\t\t\t\t\t<button class=\"elementor-button elementor-size-sm\" type=\"submit\">\n\t\t\t\t\t\t<span class=\"elementor-button-content-wrapper\">\n\t\t\t\t\t\t\t\t\t\t\t\t\t\t\t\t\t\t\t\t\t\t<span class=\"elementor-button-text\">Suscribirme<\/span>\n\t\t\t\t\t\t\t\t\t\t\t\t\t<\/span>\n\t\t\t\t\t<\/button>\n\t\t\t\t<\/div>\n\t\t\t<\/div>\n\t\t<\/form>\n\t\t\t\t\t\t<\/div>\n\t\t\t\t<\/div>\n\t\t\t\t\t<\/div>\n\t\t<\/div>\n\t\t\t\t\t<\/div>\n\t\t<\/section>\n\t\t\t\t\t<\/div>\n\t\t<\/div>\n\t\t\t\t\t<\/div>\n\t\t<\/section>\n\t\t\t\t<\/div>\n\t\t","protected":false},"excerpt":{"rendered":"<p>Aqu\u00ed puede encontrar la informaci\u00f3n necesaria para operar con seguridad en el Real Aeroclub de Alicante. Horas de vuelo y renovaci\u00f3n de licencias Meteorolog\u00eda Carta de Aproximaci\u00f3n M\u00e1s informaci\u00f3n En el siguiente enlace tienes nuestros datos, puedes llamarnos por tel\u00e9fono y concertar una cita para darte todos los detalles, o completar el formulario de contacto [&hellip;]<\/p>\n","protected":false},"author":2,"featured_media":0,"parent":0,"menu_order":0,"comment_status":"closed","ping_status":"closed","template":"elementor_header_footer","meta":{"_acf_changed":false,"footnotes":""},"class_list":["post-4168","page","type-page","status-publish","hentry"],"acf":[],"yoast_head":"<!-- This site is optimized with the Yoast SEO plugin v27.3 - https:\/\/yoast.com\/product\/yoast-seo-wordpress\/ -->\n<title>Piloto - Real Aeroclub de Alicante | Escuela y Aer\u00f3dromo<\/title>\n<meta name=\"robots\" content=\"index, follow, max-snippet:-1, max-image-preview:large, max-video-preview:-1\" \/>\n<link rel=\"canonical\" href=\"https:\/\/www.aeroclubalicante.com\/es\/piloto\/\" \/>\n<meta property=\"og:locale\" content=\"es_ES\" \/>\n<meta property=\"og:type\" content=\"article\" \/>\n<meta property=\"og:title\" content=\"Piloto - Real Aeroclub de Alicante | Escuela y Aer\u00f3dromo\" \/>\n<meta property=\"og:description\" content=\"Aqu\u00ed puede encontrar la informaci\u00f3n necesaria para operar con seguridad en el Real Aeroclub de Alicante. Horas de vuelo y renovaci\u00f3n de licencias Meteorolog\u00eda Carta de Aproximaci\u00f3n M\u00e1s informaci\u00f3n En el siguiente enlace tienes nuestros datos, puedes llamarnos por tel\u00e9fono y concertar una cita para darte todos los detalles, o completar el formulario de contacto [&hellip;]\" \/>\n<meta property=\"og:url\" content=\"https:\/\/www.aeroclubalicante.com\/es\/piloto\/\" \/>\n<meta property=\"og:site_name\" content=\"Real Aeroclub de Alicante | Escuela y Aer\u00f3dromo\" \/>\n<meta property=\"article:modified_time\" content=\"2023-04-02T16:10:00+00:00\" \/>\n<meta name=\"twitter:card\" content=\"summary_large_image\" \/>\n<meta name=\"twitter:label1\" content=\"Tiempo de lectura\" \/>\n\t<meta name=\"twitter:data1\" content=\"1 minuto\" \/>\n<script type=\"application\/ld+json\" class=\"yoast-schema-graph\">{\"@context\":\"https:\\\/\\\/schema.org\",\"@graph\":[{\"@type\":\"WebPage\",\"@id\":\"https:\\\/\\\/www.aeroclubalicante.com\\\/es\\\/piloto\\\/\",\"url\":\"https:\\\/\\\/www.aeroclubalicante.com\\\/es\\\/piloto\\\/\",\"name\":\"Piloto - Real Aeroclub de Alicante | Escuela y Aer\u00f3dromo\",\"isPartOf\":{\"@id\":\"https:\\\/\\\/www.aeroclubalicante.com\\\/es\\\/#website\"},\"datePublished\":\"2023-04-02T15:46:19+00:00\",\"dateModified\":\"2023-04-02T16:10:00+00:00\",\"breadcrumb\":{\"@id\":\"https:\\\/\\\/www.aeroclubalicante.com\\\/es\\\/piloto\\\/#breadcrumb\"},\"inLanguage\":\"es\",\"potentialAction\":[{\"@type\":\"ReadAction\",\"target\":[\"https:\\\/\\\/www.aeroclubalicante.com\\\/es\\\/piloto\\\/\"]}]},{\"@type\":\"BreadcrumbList\",\"@id\":\"https:\\\/\\\/www.aeroclubalicante.com\\\/es\\\/piloto\\\/#breadcrumb\",\"itemListElement\":[{\"@type\":\"ListItem\",\"position\":1,\"name\":\"Home\",\"item\":\"https:\\\/\\\/www.aeroclubalicante.com\\\/es\\\/\"},{\"@type\":\"ListItem\",\"position\":2,\"name\":\"Piloto\"}]},{\"@type\":\"WebSite\",\"@id\":\"https:\\\/\\\/www.aeroclubalicante.com\\\/es\\\/#website\",\"url\":\"https:\\\/\\\/www.aeroclubalicante.com\\\/es\\\/\",\"name\":\"Real Aeroclub de Alicante | Escuela y Aer\u00f3dromo\",\"description\":\"Cursos y licencias de vuelo. Escuela de pilotos en Alicante. Aeromodelismo con ultraligeros.\",\"publisher\":{\"@id\":\"https:\\\/\\\/www.aeroclubalicante.com\\\/es\\\/#organization\"},\"potentialAction\":[{\"@type\":\"SearchAction\",\"target\":{\"@type\":\"EntryPoint\",\"urlTemplate\":\"https:\\\/\\\/www.aeroclubalicante.com\\\/es\\\/?s={search_term_string}\"},\"query-input\":{\"@type\":\"PropertyValueSpecification\",\"valueRequired\":true,\"valueName\":\"search_term_string\"}}],\"inLanguage\":\"es\"},{\"@type\":\"Organization\",\"@id\":\"https:\\\/\\\/www.aeroclubalicante.com\\\/es\\\/#organization\",\"name\":\"Real Aeroclub de Alicante\",\"url\":\"https:\\\/\\\/www.aeroclubalicante.com\\\/es\\\/\",\"logo\":{\"@type\":\"ImageObject\",\"inLanguage\":\"es\",\"@id\":\"https:\\\/\\\/www.aeroclubalicante.com\\\/es\\\/#\\\/schema\\\/logo\\\/image\\\/\",\"url\":\"https:\\\/\\\/www.aeroclubalicante.com\\\/wp-content\\\/uploads\\\/2021\\\/08\\\/logo-aeroclub-alicante.svg\",\"contentUrl\":\"https:\\\/\\\/www.aeroclubalicante.com\\\/wp-content\\\/uploads\\\/2021\\\/08\\\/logo-aeroclub-alicante.svg\",\"width\":1,\"height\":1,\"caption\":\"Real Aeroclub de Alicante\"},\"image\":{\"@id\":\"https:\\\/\\\/www.aeroclubalicante.com\\\/es\\\/#\\\/schema\\\/logo\\\/image\\\/\"}}]}<\/script>\n<!-- \/ Yoast SEO plugin. -->","yoast_head_json":{"title":"Piloto - Real Aeroclub de Alicante | Escuela y Aer\u00f3dromo","robots":{"index":"index","follow":"follow","max-snippet":"max-snippet:-1","max-image-preview":"max-image-preview:large","max-video-preview":"max-video-preview:-1"},"canonical":"https:\/\/www.aeroclubalicante.com\/es\/piloto\/","og_locale":"es_ES","og_type":"article","og_title":"Piloto - Real Aeroclub de Alicante | Escuela y Aer\u00f3dromo","og_description":"Aqu\u00ed puede encontrar la informaci\u00f3n necesaria para operar con seguridad en el Real Aeroclub de Alicante. Horas de vuelo y renovaci\u00f3n de licencias Meteorolog\u00eda Carta de Aproximaci\u00f3n M\u00e1s informaci\u00f3n En el siguiente enlace tienes nuestros datos, puedes llamarnos por tel\u00e9fono y concertar una cita para darte todos los detalles, o completar el formulario de contacto [&hellip;]","og_url":"https:\/\/www.aeroclubalicante.com\/es\/piloto\/","og_site_name":"Real Aeroclub de Alicante | Escuela y Aer\u00f3dromo","article_modified_time":"2023-04-02T16:10:00+00:00","twitter_card":"summary_large_image","twitter_misc":{"Tiempo de lectura":"1 minuto"},"schema":{"@context":"https:\/\/schema.org","@graph":[{"@type":"WebPage","@id":"https:\/\/www.aeroclubalicante.com\/es\/piloto\/","url":"https:\/\/www.aeroclubalicante.com\/es\/piloto\/","name":"Piloto - Real Aeroclub de Alicante | Escuela y Aer\u00f3dromo","isPartOf":{"@id":"https:\/\/www.aeroclubalicante.com\/es\/#website"},"datePublished":"2023-04-02T15:46:19+00:00","dateModified":"2023-04-02T16:10:00+00:00","breadcrumb":{"@id":"https:\/\/www.aeroclubalicante.com\/es\/piloto\/#breadcrumb"},"inLanguage":"es","potentialAction":[{"@type":"ReadAction","target":["https:\/\/www.aeroclubalicante.com\/es\/piloto\/"]}]},{"@type":"BreadcrumbList","@id":"https:\/\/www.aeroclubalicante.com\/es\/piloto\/#breadcrumb","itemListElement":[{"@type":"ListItem","position":1,"name":"Home","item":"https:\/\/www.aeroclubalicante.com\/es\/"},{"@type":"ListItem","position":2,"name":"Piloto"}]},{"@type":"WebSite","@id":"https:\/\/www.aeroclubalicante.com\/es\/#website","url":"https:\/\/www.aeroclubalicante.com\/es\/","name":"Real Aeroclub de Alicante | Escuela y Aer\u00f3dromo","description":"Cursos y licencias de vuelo. Escuela de pilotos en Alicante. Aeromodelismo con ultraligeros.","publisher":{"@id":"https:\/\/www.aeroclubalicante.com\/es\/#organization"},"potentialAction":[{"@type":"SearchAction","target":{"@type":"EntryPoint","urlTemplate":"https:\/\/www.aeroclubalicante.com\/es\/?s={search_term_string}"},"query-input":{"@type":"PropertyValueSpecification","valueRequired":true,"valueName":"search_term_string"}}],"inLanguage":"es"},{"@type":"Organization","@id":"https:\/\/www.aeroclubalicante.com\/es\/#organization","name":"Real Aeroclub de Alicante","url":"https:\/\/www.aeroclubalicante.com\/es\/","logo":{"@type":"ImageObject","inLanguage":"es","@id":"https:\/\/www.aeroclubalicante.com\/es\/#\/schema\/logo\/image\/","url":"https:\/\/www.aeroclubalicante.com\/wp-content\/uploads\/2021\/08\/logo-aeroclub-alicante.svg","contentUrl":"https:\/\/www.aeroclubalicante.com\/wp-content\/uploads\/2021\/08\/logo-aeroclub-alicante.svg","width":1,"height":1,"caption":"Real Aeroclub de Alicante"},"image":{"@id":"https:\/\/www.aeroclubalicante.com\/es\/#\/schema\/logo\/image\/"}}]}},"_links":{"self":[{"href":"https:\/\/www.aeroclubalicante.com\/es\/wp-json\/wp\/v2\/pages\/4168","targetHints":{"allow":["GET"]}}],"collection":[{"href":"https:\/\/www.aeroclubalicante.com\/es\/wp-json\/wp\/v2\/pages"}],"about":[{"href":"https:\/\/www.aeroclubalicante.com\/es\/wp-json\/wp\/v2\/types\/page"}],"author":[{"embeddable":true,"href":"https:\/\/www.aeroclubalicante.com\/es\/wp-json\/wp\/v2\/users\/2"}],"replies":[{"embeddable":true,"href":"https:\/\/www.aeroclubalicante.com\/es\/wp-json\/wp\/v2\/comments?post=4168"}],"version-history":[{"count":4,"href":"https:\/\/www.aeroclubalicante.com\/es\/wp-json\/wp\/v2\/pages\/4168\/revisions"}],"predecessor-version":[{"id":4177,"href":"https:\/\/www.aeroclubalicante.com\/es\/wp-json\/wp\/v2\/pages\/4168\/revisions\/4177"}],"wp:attachment":[{"href":"https:\/\/www.aeroclubalicante.com\/es\/wp-json\/wp\/v2\/media?parent=4168"}],"curies":[{"name":"wp","href":"https:\/\/api.w.org\/{rel}","templated":true}]}}