{"id":3673,"date":"2022-04-06T14:23:07","date_gmt":"2022-04-06T12:23:07","guid":{"rendered":"https:\/\/www.aeroclubalicante.com\/mi-cuenta\/"},"modified":"2022-05-16T12:52:07","modified_gmt":"2022-05-16T10:52:07","slug":"mi-cuenta","status":"publish","type":"page","link":"https:\/\/www.aeroclubalicante.com\/es\/mi-cuenta\/","title":{"rendered":"Mi cuenta"},"content":{"rendered":"\t\t<div data-elementor-type=\"wp-page\" data-elementor-id=\"3673\" class=\"elementor elementor-3673\" data-elementor-post-type=\"page\">\n\t\t\t\t\t\t<section class=\"elementor-section elementor-top-section elementor-element elementor-element-1eb447c3 elementor-section-boxed elementor-section-height-default elementor-section-height-default\" data-id=\"1eb447c3\" data-element_type=\"section\" data-e-type=\"section\">\n\t\t\t\t\t\t<div class=\"elementor-container elementor-column-gap-default\">\n\t\t\t\t\t<div class=\"elementor-column elementor-col-100 elementor-top-column elementor-element elementor-element-6b8ae8cf\" data-id=\"6b8ae8cf\" data-element_type=\"column\" data-e-type=\"column\">\n\t\t\t<div class=\"elementor-widget-wrap elementor-element-populated\">\n\t\t\t\t\t\t<div class=\"elementor-element elementor-element-1bacac40 elementor-hidden-tablet elementor-hidden-mobile elementor-widget elementor-widget-text-editor\" data-id=\"1bacac40\" data-element_type=\"widget\" data-e-type=\"widget\" data-widget_type=\"text-editor.default\">\n\t\t\t\t<div class=\"elementor-widget-container\">\n\t\t\t\t\t\t\t\t\t<p>Mi cuenta<\/p>\n<p>\u00a0<\/p>\t\t\t\t\t\t\t\t<\/div>\n\t\t\t\t<\/div>\n\t\t\t\t<div class=\"elementor-element elementor-element-6a4091ec e-my-account-tabs-vertical elementor-widget elementor-widget-woocommerce-my-account\" data-id=\"6a4091ec\" data-element_type=\"widget\" data-e-type=\"widget\" data-widget_type=\"woocommerce-my-account.default\">\n\t\t\t\t<div class=\"elementor-widget-container\">\n\t\t\t\t\t<div class=\"e-my-account-tab e-my-account-tab__ \">\t\t\t<div class=\"woocommerce\"><\/div>\t\t<\/div>\n\t\t\t\t\t\t<\/div>\n\t\t\t\t<\/div>\n\t\t\t\t\t<\/div>\n\t\t<\/div>\n\t\t\t\t\t<\/div>\n\t\t<\/section>\n\t\t\t\t<\/div>\n\t\t","protected":false},"excerpt":{"rendered":"<p>Mi cuenta \u00a0 Escritorio Reservas Pedidos Descargas Direcciones Detalles de la cuenta Logout Hola acceseodev (\u00bfno eres acceseodev? Cerrar sesi\u00f3n) Desde el escritorio de tu cuenta puedes ver tus pedidos recientes, gestionar tus direcciones de env\u00edo y facturaci\u00f3n y editar tu contrase\u00f1a y los detalles de tu cuenta.<\/p>\n","protected":false},"author":1,"featured_media":0,"parent":0,"menu_order":0,"comment_status":"closed","ping_status":"closed","template":"","meta":{"_acf_changed":false,"footnotes":""},"class_list":["post-3673","page","type-page","status-publish","hentry"],"acf":[],"yoast_head":"<!-- This site is optimized with the Yoast SEO plugin v27.5 - https:\/\/yoast.com\/product\/yoast-seo-wordpress\/ -->\n<title>Mi cuenta - Real Aeroclub de Alicante | Escuela y Aer\u00f3dromo<\/title>\n<meta name=\"robots\" content=\"index, follow, max-snippet:-1, max-image-preview:large, max-video-preview:-1\" \/>\n<link rel=\"canonical\" href=\"https:\/\/www.aeroclubalicante.com\/es\/mi-cuenta\/\" \/>\n<meta property=\"og:locale\" content=\"es_ES\" \/>\n<meta property=\"og:type\" content=\"article\" \/>\n<meta property=\"og:title\" content=\"Mi cuenta - Real Aeroclub de Alicante | Escuela y Aer\u00f3dromo\" \/>\n<meta property=\"og:description\" content=\"Mi cuenta \u00a0 Escritorio Reservas Pedidos Descargas Direcciones Detalles de la cuenta Logout Hola acceseodev (\u00bfno eres acceseodev? Cerrar sesi\u00f3n) Desde el escritorio de tu cuenta puedes ver tus pedidos recientes, gestionar tus direcciones de env\u00edo y facturaci\u00f3n y editar tu contrase\u00f1a y los detalles de tu cuenta.\" \/>\n<meta property=\"og:url\" content=\"https:\/\/www.aeroclubalicante.com\/es\/mi-cuenta\/\" \/>\n<meta property=\"og:site_name\" content=\"Real Aeroclub de Alicante | Escuela y Aer\u00f3dromo\" \/>\n<meta property=\"article:modified_time\" content=\"2022-05-16T10:52:07+00:00\" \/>\n<meta name=\"twitter:card\" content=\"summary_large_image\" \/>\n<meta name=\"twitter:label1\" content=\"Tiempo de lectura\" \/>\n\t<meta name=\"twitter:data1\" content=\"2 minutos\" \/>\n<script type=\"application\/ld+json\" class=\"yoast-schema-graph\">{\"@context\":\"https:\\\/\\\/schema.org\",\"@graph\":[{\"@type\":\"WebPage\",\"@id\":\"https:\\\/\\\/www.aeroclubalicante.com\\\/es\\\/mi-cuenta\\\/\",\"url\":\"https:\\\/\\\/www.aeroclubalicante.com\\\/es\\\/mi-cuenta\\\/\",\"name\":\"Mi cuenta - Real Aeroclub de Alicante | Escuela y Aer\u00f3dromo\",\"isPartOf\":{\"@id\":\"https:\\\/\\\/www.aeroclubalicante.com\\\/es\\\/#website\"},\"datePublished\":\"2022-04-06T12:23:07+00:00\",\"dateModified\":\"2022-05-16T10:52:07+00:00\",\"breadcrumb\":{\"@id\":\"https:\\\/\\\/www.aeroclubalicante.com\\\/es\\\/mi-cuenta\\\/#breadcrumb\"},\"inLanguage\":\"es\",\"potentialAction\":[{\"@type\":\"ReadAction\",\"target\":[\"https:\\\/\\\/www.aeroclubalicante.com\\\/es\\\/mi-cuenta\\\/\"]}]},{\"@type\":\"BreadcrumbList\",\"@id\":\"https:\\\/\\\/www.aeroclubalicante.com\\\/es\\\/mi-cuenta\\\/#breadcrumb\",\"itemListElement\":[{\"@type\":\"ListItem\",\"position\":1,\"name\":\"Home\",\"item\":\"https:\\\/\\\/www.aeroclubalicante.com\\\/es\\\/\"},{\"@type\":\"ListItem\",\"position\":2,\"name\":\"Mi cuenta\"}]},{\"@type\":\"WebSite\",\"@id\":\"https:\\\/\\\/www.aeroclubalicante.com\\\/es\\\/#website\",\"url\":\"https:\\\/\\\/www.aeroclubalicante.com\\\/es\\\/\",\"name\":\"Real Aeroclub de Alicante | Escuela y Aer\u00f3dromo\",\"description\":\"Cursos y licencias de vuelo. Escuela de pilotos en Alicante. Aeromodelismo con ultraligeros.\",\"publisher\":{\"@id\":\"https:\\\/\\\/www.aeroclubalicante.com\\\/es\\\/#organization\"},\"potentialAction\":[{\"@type\":\"SearchAction\",\"target\":{\"@type\":\"EntryPoint\",\"urlTemplate\":\"https:\\\/\\\/www.aeroclubalicante.com\\\/es\\\/?s={search_term_string}\"},\"query-input\":{\"@type\":\"PropertyValueSpecification\",\"valueRequired\":true,\"valueName\":\"search_term_string\"}}],\"inLanguage\":\"es\"},{\"@type\":\"Organization\",\"@id\":\"https:\\\/\\\/www.aeroclubalicante.com\\\/es\\\/#organization\",\"name\":\"Real Aeroclub de Alicante\",\"url\":\"https:\\\/\\\/www.aeroclubalicante.com\\\/es\\\/\",\"logo\":{\"@type\":\"ImageObject\",\"inLanguage\":\"es\",\"@id\":\"https:\\\/\\\/www.aeroclubalicante.com\\\/es\\\/#\\\/schema\\\/logo\\\/image\\\/\",\"url\":\"https:\\\/\\\/www.aeroclubalicante.com\\\/wp-content\\\/uploads\\\/2021\\\/08\\\/logo-aeroclub-alicante.svg\",\"contentUrl\":\"https:\\\/\\\/www.aeroclubalicante.com\\\/wp-content\\\/uploads\\\/2021\\\/08\\\/logo-aeroclub-alicante.svg\",\"width\":1,\"height\":1,\"caption\":\"Real Aeroclub de Alicante\"},\"image\":{\"@id\":\"https:\\\/\\\/www.aeroclubalicante.com\\\/es\\\/#\\\/schema\\\/logo\\\/image\\\/\"}}]}<\/script>\n<!-- \/ Yoast SEO plugin. -->","yoast_head_json":{"title":"Mi cuenta - Real Aeroclub de Alicante | Escuela y Aer\u00f3dromo","robots":{"index":"index","follow":"follow","max-snippet":"max-snippet:-1","max-image-preview":"max-image-preview:large","max-video-preview":"max-video-preview:-1"},"canonical":"https:\/\/www.aeroclubalicante.com\/es\/mi-cuenta\/","og_locale":"es_ES","og_type":"article","og_title":"Mi cuenta - Real Aeroclub de Alicante | Escuela y Aer\u00f3dromo","og_description":"Mi cuenta \u00a0 Escritorio Reservas Pedidos Descargas Direcciones Detalles de la cuenta Logout Hola acceseodev (\u00bfno eres acceseodev? Cerrar sesi\u00f3n) Desde el escritorio de tu cuenta puedes ver tus pedidos recientes, gestionar tus direcciones de env\u00edo y facturaci\u00f3n y editar tu contrase\u00f1a y los detalles de tu cuenta.","og_url":"https:\/\/www.aeroclubalicante.com\/es\/mi-cuenta\/","og_site_name":"Real Aeroclub de Alicante | Escuela y Aer\u00f3dromo","article_modified_time":"2022-05-16T10:52:07+00:00","twitter_card":"summary_large_image","twitter_misc":{"Tiempo de lectura":"2 minutos"},"schema":{"@context":"https:\/\/schema.org","@graph":[{"@type":"WebPage","@id":"https:\/\/www.aeroclubalicante.com\/es\/mi-cuenta\/","url":"https:\/\/www.aeroclubalicante.com\/es\/mi-cuenta\/","name":"Mi cuenta - Real Aeroclub de Alicante | Escuela y Aer\u00f3dromo","isPartOf":{"@id":"https:\/\/www.aeroclubalicante.com\/es\/#website"},"datePublished":"2022-04-06T12:23:07+00:00","dateModified":"2022-05-16T10:52:07+00:00","breadcrumb":{"@id":"https:\/\/www.aeroclubalicante.com\/es\/mi-cuenta\/#breadcrumb"},"inLanguage":"es","potentialAction":[{"@type":"ReadAction","target":["https:\/\/www.aeroclubalicante.com\/es\/mi-cuenta\/"]}]},{"@type":"BreadcrumbList","@id":"https:\/\/www.aeroclubalicante.com\/es\/mi-cuenta\/#breadcrumb","itemListElement":[{"@type":"ListItem","position":1,"name":"Home","item":"https:\/\/www.aeroclubalicante.com\/es\/"},{"@type":"ListItem","position":2,"name":"Mi cuenta"}]},{"@type":"WebSite","@id":"https:\/\/www.aeroclubalicante.com\/es\/#website","url":"https:\/\/www.aeroclubalicante.com\/es\/","name":"Real Aeroclub de Alicante | Escuela y Aer\u00f3dromo","description":"Cursos y licencias de vuelo. Escuela de pilotos en Alicante. Aeromodelismo con ultraligeros.","publisher":{"@id":"https:\/\/www.aeroclubalicante.com\/es\/#organization"},"potentialAction":[{"@type":"SearchAction","target":{"@type":"EntryPoint","urlTemplate":"https:\/\/www.aeroclubalicante.com\/es\/?s={search_term_string}"},"query-input":{"@type":"PropertyValueSpecification","valueRequired":true,"valueName":"search_term_string"}}],"inLanguage":"es"},{"@type":"Organization","@id":"https:\/\/www.aeroclubalicante.com\/es\/#organization","name":"Real Aeroclub de Alicante","url":"https:\/\/www.aeroclubalicante.com\/es\/","logo":{"@type":"ImageObject","inLanguage":"es","@id":"https:\/\/www.aeroclubalicante.com\/es\/#\/schema\/logo\/image\/","url":"https:\/\/www.aeroclubalicante.com\/wp-content\/uploads\/2021\/08\/logo-aeroclub-alicante.svg","contentUrl":"https:\/\/www.aeroclubalicante.com\/wp-content\/uploads\/2021\/08\/logo-aeroclub-alicante.svg","width":1,"height":1,"caption":"Real Aeroclub de Alicante"},"image":{"@id":"https:\/\/www.aeroclubalicante.com\/es\/#\/schema\/logo\/image\/"}}]}},"_links":{"self":[{"href":"https:\/\/www.aeroclubalicante.com\/es\/wp-json\/wp\/v2\/pages\/3673","targetHints":{"allow":["GET"]}}],"collection":[{"href":"https:\/\/www.aeroclubalicante.com\/es\/wp-json\/wp\/v2\/pages"}],"about":[{"href":"https:\/\/www.aeroclubalicante.com\/es\/wp-json\/wp\/v2\/types\/page"}],"author":[{"embeddable":true,"href":"https:\/\/www.aeroclubalicante.com\/es\/wp-json\/wp\/v2\/users\/1"}],"replies":[{"embeddable":true,"href":"https:\/\/www.aeroclubalicante.com\/es\/wp-json\/wp\/v2\/comments?post=3673"}],"version-history":[{"count":0,"href":"https:\/\/www.aeroclubalicante.com\/es\/wp-json\/wp\/v2\/pages\/3673\/revisions"}],"wp:attachment":[{"href":"https:\/\/www.aeroclubalicante.com\/es\/wp-json\/wp\/v2\/media?parent=3673"}],"curies":[{"name":"wp","href":"https:\/\/api.w.org\/{rel}","templated":true}]}}